{"id":6531,"date":"2025-04-23T14:27:07","date_gmt":"2025-04-23T12:27:07","guid":{"rendered":"https:\/\/havan.fr\/?post_type=product&#038;p=6531"},"modified":"2025-06-12T10:53:51","modified_gmt":"2025-06-12T08:53:51","slug":"kit-chauffage-air2d-exterieur-en-piquage-t","status":"publish","type":"product","link":"https:\/\/havan.fr\/index.php\/produit\/kit-chauffage-air2d-exterieur-en-piquage-t\/","title":{"rendered":"Kit chauffage Air2D Ext\u00e9rieur en piquage T"},"content":{"rendered":"<h2><strong><span class=\"text-o-color-1\"><span class=\"h2-fs\">Composition du kit :<\/span><\/span><\/strong><\/h2>\n<ul>\n<li>1 Chauffage Autoterm Air 2D\u00a0et son kit de base<\/li>\n<li>1\u00a0 Panneau de commande Comfort Control<\/li>\n<li>gaine de chauffage ultra r\u00e9sistante \u2300 60 mm<\/li>\n<li>1 T piquage gasoil 2x \u00d8 8 mm \/ \u00d8\u00a0 5.3 mm<\/li>\n<li>1 Bride \u00d8 60 mm<\/li>\n<li>1 Grille \u00d8 60 mm<\/li>\n<li>1 caisson inox<\/li>\n<li>1 Support de montage<\/li>\n<li>3 colliers de serrage 60mm<\/li>\n<li>1 collier de serrage 90mm<\/li>\n<li>1 c\u00e2ble d&rsquo;extension pour le panneau de commande de 2,6m<\/li>\n<\/ul>\n","protected":false},"excerpt":{"rendered":"<p>Composition du kit : 1 Chauffage Autoterm Air 2D\u00a0et son kit de base 1\u00a0 Panneau de commande Comfort Control gaine de chauffage ultra r\u00e9sistante \u2300 60 mm 1 T piquage gasoil 2x \u00d8 8 mm \/ \u00d8\u00a0 5.3 mm 1 Bride \u00d8 60 mm 1 Grille \u00d8 60 mm 1 caisson inox 1 Support de &#8230; <\/p>\n<p class=\"read-more-container\"><a title=\"Kit chauffage Air2D Ext\u00e9rieur en piquage T\" class=\"read-more button\" href=\"https:\/\/havan.fr\/index.php\/produit\/kit-chauffage-air2d-exterieur-en-piquage-t\/#more-6531\">Read more<span class=\"screen-reader-text\">Kit chauffage Air2D Ext\u00e9rieur en piquage T<\/span><\/a><\/p>\n","protected":false},"featured_media":6153,"comment_status":"open","ping_status":"closed","template":"","meta":[],"product_brand":[83],"product_cat":[70,62],"product_tag":[79],"class_list":{"0":"post-6531","1":"product","2":"type-product","3":"status-publish","4":"has-post-thumbnail","6":"product_brand-autoterm","7":"product_cat-boutique-pour-le-vehicule","8":"product_cat-chauffages-et-accessoires","9":"product_tag-autoterm","10":"sales-flash-overlay","11":"woocommerce-text-align-center","12":"woocommerce-image-align-center","14":"first","15":"instock","16":"taxable","17":"shipping-taxable","18":"purchasable","19":"product-type-simple"},"yoast_head":"<!-- This site is optimized with the Yoast SEO plugin v27.4 - https:\/\/yoast.com\/product\/yoast-seo-wordpress\/ -->\n<title>Kit chauffage Air2D Ext\u00e9rieur en piquage T - Havan<\/title>\n<meta name=\"robots\" content=\"index, follow, max-snippet:-1, max-image-preview:large, max-video-preview:-1\" \/>\n<link rel=\"canonical\" href=\"https:\/\/havan.fr\/index.php\/produit\/kit-chauffage-air2d-exterieur-en-piquage-t\/\" \/>\n<meta property=\"og:locale\" content=\"fr_FR\" \/>\n<meta property=\"og:type\" content=\"article\" \/>\n<meta property=\"og:title\" content=\"Kit chauffage Air2D Ext\u00e9rieur en piquage T - Havan\" \/>\n<meta property=\"og:description\" content=\"Composition du kit : 1 Chauffage Autoterm Air 2D\u00a0et son kit de base 1\u00a0 Panneau de commande Comfort Control gaine de chauffage ultra r\u00e9sistante \u2300 60 mm 1 T piquage gasoil 2x \u00d8 8 mm \/ \u00d8\u00a0 5.3 mm 1 Bride \u00d8 60 mm 1 Grille \u00d8 60 mm 1 caisson inox 1 Support de ... Read moreKit chauffage Air2D Ext\u00e9rieur en piquage T\" \/>\n<meta property=\"og:url\" content=\"https:\/\/havan.fr\/index.php\/produit\/kit-chauffage-air2d-exterieur-en-piquage-t\/\" \/>\n<meta property=\"og:site_name\" content=\"Havan\" \/>\n<meta property=\"article:modified_time\" content=\"2025-06-12T08:53:51+00:00\" \/>\n<meta property=\"og:image\" content=\"https:\/\/havan.fr\/wp-content\/uploads\/2025\/01\/chauffage-planar-2d-autoterm-air-2d.jpg\" \/>\n\t<meta property=\"og:image:width\" content=\"600\" \/>\n\t<meta property=\"og:image:height\" content=\"600\" \/>\n\t<meta property=\"og:image:type\" content=\"image\/jpeg\" \/>\n<meta name=\"twitter:card\" content=\"summary_large_image\" \/>\n<meta name=\"twitter:label1\" content=\"Dur\u00e9e de lecture estim\u00e9e\" \/>\n\t<meta name=\"twitter:data1\" content=\"1 minute\" \/>\n<script type=\"application\/ld+json\" class=\"yoast-schema-graph\">{\"@context\":\"https:\\\/\\\/schema.org\",\"@graph\":[{\"@type\":\"WebPage\",\"@id\":\"https:\\\/\\\/havan.fr\\\/index.php\\\/produit\\\/kit-chauffage-air2d-exterieur-en-piquage-t\\\/\",\"url\":\"https:\\\/\\\/havan.fr\\\/index.php\\\/produit\\\/kit-chauffage-air2d-exterieur-en-piquage-t\\\/\",\"name\":\"Kit chauffage Air2D Ext\u00e9rieur en piquage T - Havan\",\"isPartOf\":{\"@id\":\"https:\\\/\\\/havan.fr\\\/#website\"},\"primaryImageOfPage\":{\"@id\":\"https:\\\/\\\/havan.fr\\\/index.php\\\/produit\\\/kit-chauffage-air2d-exterieur-en-piquage-t\\\/#primaryimage\"},\"image\":{\"@id\":\"https:\\\/\\\/havan.fr\\\/index.php\\\/produit\\\/kit-chauffage-air2d-exterieur-en-piquage-t\\\/#primaryimage\"},\"thumbnailUrl\":\"https:\\\/\\\/i0.wp.com\\\/havan.fr\\\/wp-content\\\/uploads\\\/2025\\\/01\\\/chauffage-planar-2d-autoterm-air-2d.jpg?fit=600%2C600&ssl=1\",\"datePublished\":\"2025-04-23T12:27:07+00:00\",\"dateModified\":\"2025-06-12T08:53:51+00:00\",\"breadcrumb\":{\"@id\":\"https:\\\/\\\/havan.fr\\\/index.php\\\/produit\\\/kit-chauffage-air2d-exterieur-en-piquage-t\\\/#breadcrumb\"},\"inLanguage\":\"fr-FR\",\"potentialAction\":[{\"@type\":\"ReadAction\",\"target\":[\"https:\\\/\\\/havan.fr\\\/index.php\\\/produit\\\/kit-chauffage-air2d-exterieur-en-piquage-t\\\/\"]}]},{\"@type\":\"ImageObject\",\"inLanguage\":\"fr-FR\",\"@id\":\"https:\\\/\\\/havan.fr\\\/index.php\\\/produit\\\/kit-chauffage-air2d-exterieur-en-piquage-t\\\/#primaryimage\",\"url\":\"https:\\\/\\\/i0.wp.com\\\/havan.fr\\\/wp-content\\\/uploads\\\/2025\\\/01\\\/chauffage-planar-2d-autoterm-air-2d.jpg?fit=600%2C600&ssl=1\",\"contentUrl\":\"https:\\\/\\\/i0.wp.com\\\/havan.fr\\\/wp-content\\\/uploads\\\/2025\\\/01\\\/chauffage-planar-2d-autoterm-air-2d.jpg?fit=600%2C600&ssl=1\",\"width\":600,\"height\":600},{\"@type\":\"BreadcrumbList\",\"@id\":\"https:\\\/\\\/havan.fr\\\/index.php\\\/produit\\\/kit-chauffage-air2d-exterieur-en-piquage-t\\\/#breadcrumb\",\"itemListElement\":[{\"@type\":\"ListItem\",\"position\":1,\"name\":\"Accueil\",\"item\":\"https:\\\/\\\/havan.fr\\\/\"},{\"@type\":\"ListItem\",\"position\":2,\"name\":\"Boutique\",\"item\":\"https:\\\/\\\/havan.fr\\\/index.php\\\/boutique\\\/\"},{\"@type\":\"ListItem\",\"position\":3,\"name\":\"Kit chauffage Air2D Ext\u00e9rieur en piquage T\"}]},{\"@type\":\"WebSite\",\"@id\":\"https:\\\/\\\/havan.fr\\\/#website\",\"url\":\"https:\\\/\\\/havan.fr\\\/\",\"name\":\"Havan\",\"description\":\"V\u00e9hicules d&#039;aventures\",\"publisher\":{\"@id\":\"https:\\\/\\\/havan.fr\\\/#organization\"},\"potentialAction\":[{\"@type\":\"SearchAction\",\"target\":{\"@type\":\"EntryPoint\",\"urlTemplate\":\"https:\\\/\\\/havan.fr\\\/?s={search_term_string}\"},\"query-input\":{\"@type\":\"PropertyValueSpecification\",\"valueRequired\":true,\"valueName\":\"search_term_string\"}}],\"inLanguage\":\"fr-FR\"},{\"@type\":\"Organization\",\"@id\":\"https:\\\/\\\/havan.fr\\\/#organization\",\"name\":\"Havan\",\"url\":\"https:\\\/\\\/havan.fr\\\/\",\"logo\":{\"@type\":\"ImageObject\",\"inLanguage\":\"fr-FR\",\"@id\":\"https:\\\/\\\/havan.fr\\\/#\\\/schema\\\/logo\\\/image\\\/\",\"url\":\"https:\\\/\\\/i0.wp.com\\\/havan.fr\\\/wp-content\\\/uploads\\\/2024\\\/12\\\/cropped-Logo-havan-vect.png?fit=1861%2C558&ssl=1\",\"contentUrl\":\"https:\\\/\\\/i0.wp.com\\\/havan.fr\\\/wp-content\\\/uploads\\\/2024\\\/12\\\/cropped-Logo-havan-vect.png?fit=1861%2C558&ssl=1\",\"width\":1861,\"height\":558,\"caption\":\"Havan\"},\"image\":{\"@id\":\"https:\\\/\\\/havan.fr\\\/#\\\/schema\\\/logo\\\/image\\\/\"}}]}<\/script>\n<!-- \/ Yoast SEO plugin. -->","yoast_head_json":{"title":"Kit chauffage Air2D Ext\u00e9rieur en piquage T - Havan","robots":{"index":"index","follow":"follow","max-snippet":"max-snippet:-1","max-image-preview":"max-image-preview:large","max-video-preview":"max-video-preview:-1"},"canonical":"https:\/\/havan.fr\/index.php\/produit\/kit-chauffage-air2d-exterieur-en-piquage-t\/","og_locale":"fr_FR","og_type":"article","og_title":"Kit chauffage Air2D Ext\u00e9rieur en piquage T - Havan","og_description":"Composition du kit : 1 Chauffage Autoterm Air 2D\u00a0et son kit de base 1\u00a0 Panneau de commande Comfort Control gaine de chauffage ultra r\u00e9sistante \u2300 60 mm 1 T piquage gasoil 2x \u00d8 8 mm \/ \u00d8\u00a0 5.3 mm 1 Bride \u00d8 60 mm 1 Grille \u00d8 60 mm 1 caisson inox 1 Support de ... Read moreKit chauffage Air2D Ext\u00e9rieur en piquage T","og_url":"https:\/\/havan.fr\/index.php\/produit\/kit-chauffage-air2d-exterieur-en-piquage-t\/","og_site_name":"Havan","article_modified_time":"2025-06-12T08:53:51+00:00","og_image":[{"width":600,"height":600,"url":"https:\/\/havan.fr\/wp-content\/uploads\/2025\/01\/chauffage-planar-2d-autoterm-air-2d.jpg","type":"image\/jpeg"}],"twitter_card":"summary_large_image","twitter_misc":{"Dur\u00e9e de lecture estim\u00e9e":"1 minute"},"schema":{"@context":"https:\/\/schema.org","@graph":[{"@type":"WebPage","@id":"https:\/\/havan.fr\/index.php\/produit\/kit-chauffage-air2d-exterieur-en-piquage-t\/","url":"https:\/\/havan.fr\/index.php\/produit\/kit-chauffage-air2d-exterieur-en-piquage-t\/","name":"Kit chauffage Air2D Ext\u00e9rieur en piquage T - Havan","isPartOf":{"@id":"https:\/\/havan.fr\/#website"},"primaryImageOfPage":{"@id":"https:\/\/havan.fr\/index.php\/produit\/kit-chauffage-air2d-exterieur-en-piquage-t\/#primaryimage"},"image":{"@id":"https:\/\/havan.fr\/index.php\/produit\/kit-chauffage-air2d-exterieur-en-piquage-t\/#primaryimage"},"thumbnailUrl":"https:\/\/i0.wp.com\/havan.fr\/wp-content\/uploads\/2025\/01\/chauffage-planar-2d-autoterm-air-2d.jpg?fit=600%2C600&ssl=1","datePublished":"2025-04-23T12:27:07+00:00","dateModified":"2025-06-12T08:53:51+00:00","breadcrumb":{"@id":"https:\/\/havan.fr\/index.php\/produit\/kit-chauffage-air2d-exterieur-en-piquage-t\/#breadcrumb"},"inLanguage":"fr-FR","potentialAction":[{"@type":"ReadAction","target":["https:\/\/havan.fr\/index.php\/produit\/kit-chauffage-air2d-exterieur-en-piquage-t\/"]}]},{"@type":"ImageObject","inLanguage":"fr-FR","@id":"https:\/\/havan.fr\/index.php\/produit\/kit-chauffage-air2d-exterieur-en-piquage-t\/#primaryimage","url":"https:\/\/i0.wp.com\/havan.fr\/wp-content\/uploads\/2025\/01\/chauffage-planar-2d-autoterm-air-2d.jpg?fit=600%2C600&ssl=1","contentUrl":"https:\/\/i0.wp.com\/havan.fr\/wp-content\/uploads\/2025\/01\/chauffage-planar-2d-autoterm-air-2d.jpg?fit=600%2C600&ssl=1","width":600,"height":600},{"@type":"BreadcrumbList","@id":"https:\/\/havan.fr\/index.php\/produit\/kit-chauffage-air2d-exterieur-en-piquage-t\/#breadcrumb","itemListElement":[{"@type":"ListItem","position":1,"name":"Accueil","item":"https:\/\/havan.fr\/"},{"@type":"ListItem","position":2,"name":"Boutique","item":"https:\/\/havan.fr\/index.php\/boutique\/"},{"@type":"ListItem","position":3,"name":"Kit chauffage Air2D Ext\u00e9rieur en piquage T"}]},{"@type":"WebSite","@id":"https:\/\/havan.fr\/#website","url":"https:\/\/havan.fr\/","name":"Havan","description":"V\u00e9hicules d&#039;aventures","publisher":{"@id":"https:\/\/havan.fr\/#organization"},"potentialAction":[{"@type":"SearchAction","target":{"@type":"EntryPoint","urlTemplate":"https:\/\/havan.fr\/?s={search_term_string}"},"query-input":{"@type":"PropertyValueSpecification","valueRequired":true,"valueName":"search_term_string"}}],"inLanguage":"fr-FR"},{"@type":"Organization","@id":"https:\/\/havan.fr\/#organization","name":"Havan","url":"https:\/\/havan.fr\/","logo":{"@type":"ImageObject","inLanguage":"fr-FR","@id":"https:\/\/havan.fr\/#\/schema\/logo\/image\/","url":"https:\/\/i0.wp.com\/havan.fr\/wp-content\/uploads\/2024\/12\/cropped-Logo-havan-vect.png?fit=1861%2C558&ssl=1","contentUrl":"https:\/\/i0.wp.com\/havan.fr\/wp-content\/uploads\/2024\/12\/cropped-Logo-havan-vect.png?fit=1861%2C558&ssl=1","width":1861,"height":558,"caption":"Havan"},"image":{"@id":"https:\/\/havan.fr\/#\/schema\/logo\/image\/"}}]}},"jetpack_sharing_enabled":true,"_links":{"self":[{"href":"https:\/\/havan.fr\/index.php\/wp-json\/wp\/v2\/product\/6531","targetHints":{"allow":["GET"]}}],"collection":[{"href":"https:\/\/havan.fr\/index.php\/wp-json\/wp\/v2\/product"}],"about":[{"href":"https:\/\/havan.fr\/index.php\/wp-json\/wp\/v2\/types\/product"}],"replies":[{"embeddable":true,"href":"https:\/\/havan.fr\/index.php\/wp-json\/wp\/v2\/comments?post=6531"}],"wp:featuredmedia":[{"embeddable":true,"href":"https:\/\/havan.fr\/index.php\/wp-json\/wp\/v2\/media\/6153"}],"wp:attachment":[{"href":"https:\/\/havan.fr\/index.php\/wp-json\/wp\/v2\/media?parent=6531"}],"wp:term":[{"taxonomy":"product_brand","embeddable":true,"href":"https:\/\/havan.fr\/index.php\/wp-json\/wp\/v2\/product_brand?post=6531"},{"taxonomy":"product_cat","embeddable":true,"href":"https:\/\/havan.fr\/index.php\/wp-json\/wp\/v2\/product_cat?post=6531"},{"taxonomy":"product_tag","embeddable":true,"href":"https:\/\/havan.fr\/index.php\/wp-json\/wp\/v2\/product_tag?post=6531"}],"curies":[{"name":"wp","href":"https:\/\/api.w.org\/{rel}","templated":true}]}}