{"id":6183,"date":"2025-01-14T08:27:05","date_gmt":"2025-01-14T07:27:05","guid":{"rendered":"https:\/\/havan.fr\/?post_type=product&#038;p=6183"},"modified":"2025-06-20T08:56:46","modified_gmt":"2025-06-20T06:56:46","slug":"kit-plancher-stellantis-k0-medium","status":"publish","type":"product","link":"https:\/\/havan.fr\/index.php\/produit\/kit-plancher-stellantis-k0-medium\/","title":{"rendered":"Kit Plancher &#8211; Stellantis K0 Medium"},"content":{"rendered":"<p>Kit plancher comprenant :<\/p>\n<ul>\n<li>Un set d&rsquo;\u00e9l\u00e9ments de fixation au plancher d&rsquo;origine t\u00f4l\u00e9, permettant de rehausser de 22 mm (\u00e0 visser sur points d&rsquo;ancrage d&rsquo;origine, et coller)<\/li>\n<li>Panneau de contreplaqu\u00e9 10 ou 15 mm d\u00e9coup\u00e9 \u00e0 la bonne forme<\/li>\n<li>Contre marche lat\u00e9rale<\/li>\n<\/ul>\n<p>En retrait magasin uniquement. Nous contacter pour convenir d&rsquo;une livraison.<\/p>\n<p>Remarque : si les \u00e9paisseurs propos\u00e9es ne vous conviennent pas n&rsquo;h\u00e9sitez pas \u00e0 nous contacter via le <a href=\"https:\/\/havan.fr\/index.php\/contact\/\">formulaire de contact<\/a> afin de convenir ensemble des bonnes \u00e9paisseurs.<\/p>\n","protected":false},"excerpt":{"rendered":"<p>Kit plancher comprenant : Un set d&rsquo;\u00e9l\u00e9ments de fixation au plancher d&rsquo;origine t\u00f4l\u00e9, permettant de rehausser de 22 mm (\u00e0 visser sur points d&rsquo;ancrage d&rsquo;origine, et coller) Panneau de contreplaqu\u00e9 10 ou 15 mm d\u00e9coup\u00e9 \u00e0 la bonne forme Contre marche lat\u00e9rale En retrait magasin uniquement. Nous contacter pour convenir d&rsquo;une livraison. Remarque : si &#8230; <\/p>\n<p class=\"read-more-container\"><a title=\"Kit Plancher &#8211; Stellantis K0 Medium\" class=\"read-more button\" href=\"https:\/\/havan.fr\/index.php\/produit\/kit-plancher-stellantis-k0-medium\/#more-6183\">Read more<span class=\"screen-reader-text\">Kit Plancher &#8211; Stellantis K0 Medium<\/span><\/a><\/p>\n","protected":false},"featured_media":6491,"comment_status":"open","ping_status":"closed","template":"","meta":[],"product_brand":[87],"product_cat":[70,53],"product_tag":[],"class_list":{"0":"post-6183","1":"product","2":"type-product","3":"status-publish","4":"has-post-thumbnail","6":"product_brand-havan","7":"product_cat-boutique-pour-le-vehicule","8":"product_cat-mobilier-en-kit","9":"sales-flash-overlay","10":"woocommerce-text-align-center","11":"woocommerce-image-align-center","13":"first","14":"onbackorder","15":"taxable","16":"shipping-taxable","17":"purchasable","18":"product-type-variable"},"yoast_head":"<!-- This site is optimized with the Yoast SEO plugin v27.4 - https:\/\/yoast.com\/product\/yoast-seo-wordpress\/ -->\n<title>Kit Plancher - Stellantis K0 Medium - Havan<\/title>\n<meta name=\"robots\" content=\"index, follow, max-snippet:-1, max-image-preview:large, max-video-preview:-1\" \/>\n<link rel=\"canonical\" href=\"https:\/\/havan.fr\/index.php\/produit\/kit-plancher-stellantis-k0-medium\/\" \/>\n<meta property=\"og:locale\" content=\"fr_FR\" \/>\n<meta property=\"og:type\" content=\"article\" \/>\n<meta property=\"og:title\" content=\"Kit Plancher - Stellantis K0 Medium - Havan\" \/>\n<meta property=\"og:description\" content=\"Kit plancher comprenant : Un set d&rsquo;\u00e9l\u00e9ments de fixation au plancher d&rsquo;origine t\u00f4l\u00e9, permettant de rehausser de 22 mm (\u00e0 visser sur points d&rsquo;ancrage d&rsquo;origine, et coller) Panneau de contreplaqu\u00e9 10 ou 15 mm d\u00e9coup\u00e9 \u00e0 la bonne forme Contre marche lat\u00e9rale En retrait magasin uniquement. Nous contacter pour convenir d&rsquo;une livraison. Remarque : si ... Read moreKit Plancher &#8211; Stellantis K0 Medium\" \/>\n<meta property=\"og:url\" content=\"https:\/\/havan.fr\/index.php\/produit\/kit-plancher-stellantis-k0-medium\/\" \/>\n<meta property=\"og:site_name\" content=\"Havan\" \/>\n<meta property=\"article:modified_time\" content=\"2025-06-20T06:56:46+00:00\" \/>\n<meta property=\"og:image\" content=\"https:\/\/havan.fr\/wp-content\/uploads\/2025\/01\/Kit-plancher-K0-Medium.jpg\" \/>\n\t<meta property=\"og:image:width\" content=\"1053\" \/>\n\t<meta property=\"og:image:height\" content=\"701\" \/>\n\t<meta property=\"og:image:type\" content=\"image\/jpeg\" \/>\n<meta name=\"twitter:card\" content=\"summary_large_image\" \/>\n<meta name=\"twitter:label1\" content=\"Dur\u00e9e de lecture estim\u00e9e\" \/>\n\t<meta name=\"twitter:data1\" content=\"1 minute\" \/>\n<script type=\"application\/ld+json\" class=\"yoast-schema-graph\">{\"@context\":\"https:\\\/\\\/schema.org\",\"@graph\":[{\"@type\":\"WebPage\",\"@id\":\"https:\\\/\\\/havan.fr\\\/index.php\\\/produit\\\/kit-plancher-stellantis-k0-medium\\\/\",\"url\":\"https:\\\/\\\/havan.fr\\\/index.php\\\/produit\\\/kit-plancher-stellantis-k0-medium\\\/\",\"name\":\"Kit Plancher - Stellantis K0 Medium - Havan\",\"isPartOf\":{\"@id\":\"https:\\\/\\\/havan.fr\\\/#website\"},\"primaryImageOfPage\":{\"@id\":\"https:\\\/\\\/havan.fr\\\/index.php\\\/produit\\\/kit-plancher-stellantis-k0-medium\\\/#primaryimage\"},\"image\":{\"@id\":\"https:\\\/\\\/havan.fr\\\/index.php\\\/produit\\\/kit-plancher-stellantis-k0-medium\\\/#primaryimage\"},\"thumbnailUrl\":\"https:\\\/\\\/i0.wp.com\\\/havan.fr\\\/wp-content\\\/uploads\\\/2025\\\/01\\\/Kit-plancher-K0-Medium.jpg?fit=1053%2C701&ssl=1\",\"datePublished\":\"2025-01-14T07:27:05+00:00\",\"dateModified\":\"2025-06-20T06:56:46+00:00\",\"breadcrumb\":{\"@id\":\"https:\\\/\\\/havan.fr\\\/index.php\\\/produit\\\/kit-plancher-stellantis-k0-medium\\\/#breadcrumb\"},\"inLanguage\":\"fr-FR\",\"potentialAction\":[{\"@type\":\"ReadAction\",\"target\":[\"https:\\\/\\\/havan.fr\\\/index.php\\\/produit\\\/kit-plancher-stellantis-k0-medium\\\/\"]}]},{\"@type\":\"ImageObject\",\"inLanguage\":\"fr-FR\",\"@id\":\"https:\\\/\\\/havan.fr\\\/index.php\\\/produit\\\/kit-plancher-stellantis-k0-medium\\\/#primaryimage\",\"url\":\"https:\\\/\\\/i0.wp.com\\\/havan.fr\\\/wp-content\\\/uploads\\\/2025\\\/01\\\/Kit-plancher-K0-Medium.jpg?fit=1053%2C701&ssl=1\",\"contentUrl\":\"https:\\\/\\\/i0.wp.com\\\/havan.fr\\\/wp-content\\\/uploads\\\/2025\\\/01\\\/Kit-plancher-K0-Medium.jpg?fit=1053%2C701&ssl=1\",\"width\":1053,\"height\":701,\"caption\":\"Plancher pour Jumpy, expert, proace, scudo, vivaro type K0 Medium\"},{\"@type\":\"BreadcrumbList\",\"@id\":\"https:\\\/\\\/havan.fr\\\/index.php\\\/produit\\\/kit-plancher-stellantis-k0-medium\\\/#breadcrumb\",\"itemListElement\":[{\"@type\":\"ListItem\",\"position\":1,\"name\":\"Accueil\",\"item\":\"https:\\\/\\\/havan.fr\\\/\"},{\"@type\":\"ListItem\",\"position\":2,\"name\":\"Boutique\",\"item\":\"https:\\\/\\\/havan.fr\\\/index.php\\\/boutique\\\/\"},{\"@type\":\"ListItem\",\"position\":3,\"name\":\"Kit Plancher &#8211; Stellantis K0 Medium\"}]},{\"@type\":\"WebSite\",\"@id\":\"https:\\\/\\\/havan.fr\\\/#website\",\"url\":\"https:\\\/\\\/havan.fr\\\/\",\"name\":\"Havan\",\"description\":\"V\u00e9hicules d&#039;aventures\",\"publisher\":{\"@id\":\"https:\\\/\\\/havan.fr\\\/#organization\"},\"potentialAction\":[{\"@type\":\"SearchAction\",\"target\":{\"@type\":\"EntryPoint\",\"urlTemplate\":\"https:\\\/\\\/havan.fr\\\/?s={search_term_string}\"},\"query-input\":{\"@type\":\"PropertyValueSpecification\",\"valueRequired\":true,\"valueName\":\"search_term_string\"}}],\"inLanguage\":\"fr-FR\"},{\"@type\":\"Organization\",\"@id\":\"https:\\\/\\\/havan.fr\\\/#organization\",\"name\":\"Havan\",\"url\":\"https:\\\/\\\/havan.fr\\\/\",\"logo\":{\"@type\":\"ImageObject\",\"inLanguage\":\"fr-FR\",\"@id\":\"https:\\\/\\\/havan.fr\\\/#\\\/schema\\\/logo\\\/image\\\/\",\"url\":\"https:\\\/\\\/i0.wp.com\\\/havan.fr\\\/wp-content\\\/uploads\\\/2024\\\/12\\\/cropped-Logo-havan-vect.png?fit=1861%2C558&ssl=1\",\"contentUrl\":\"https:\\\/\\\/i0.wp.com\\\/havan.fr\\\/wp-content\\\/uploads\\\/2024\\\/12\\\/cropped-Logo-havan-vect.png?fit=1861%2C558&ssl=1\",\"width\":1861,\"height\":558,\"caption\":\"Havan\"},\"image\":{\"@id\":\"https:\\\/\\\/havan.fr\\\/#\\\/schema\\\/logo\\\/image\\\/\"}}]}<\/script>\n<!-- \/ Yoast SEO plugin. -->","yoast_head_json":{"title":"Kit Plancher - Stellantis K0 Medium - Havan","robots":{"index":"index","follow":"follow","max-snippet":"max-snippet:-1","max-image-preview":"max-image-preview:large","max-video-preview":"max-video-preview:-1"},"canonical":"https:\/\/havan.fr\/index.php\/produit\/kit-plancher-stellantis-k0-medium\/","og_locale":"fr_FR","og_type":"article","og_title":"Kit Plancher - Stellantis K0 Medium - Havan","og_description":"Kit plancher comprenant : Un set d&rsquo;\u00e9l\u00e9ments de fixation au plancher d&rsquo;origine t\u00f4l\u00e9, permettant de rehausser de 22 mm (\u00e0 visser sur points d&rsquo;ancrage d&rsquo;origine, et coller) Panneau de contreplaqu\u00e9 10 ou 15 mm d\u00e9coup\u00e9 \u00e0 la bonne forme Contre marche lat\u00e9rale En retrait magasin uniquement. Nous contacter pour convenir d&rsquo;une livraison. Remarque : si ... Read moreKit Plancher &#8211; Stellantis K0 Medium","og_url":"https:\/\/havan.fr\/index.php\/produit\/kit-plancher-stellantis-k0-medium\/","og_site_name":"Havan","article_modified_time":"2025-06-20T06:56:46+00:00","og_image":[{"width":1053,"height":701,"url":"https:\/\/havan.fr\/wp-content\/uploads\/2025\/01\/Kit-plancher-K0-Medium.jpg","type":"image\/jpeg"}],"twitter_card":"summary_large_image","twitter_misc":{"Dur\u00e9e de lecture estim\u00e9e":"1 minute"},"schema":{"@context":"https:\/\/schema.org","@graph":[{"@type":"WebPage","@id":"https:\/\/havan.fr\/index.php\/produit\/kit-plancher-stellantis-k0-medium\/","url":"https:\/\/havan.fr\/index.php\/produit\/kit-plancher-stellantis-k0-medium\/","name":"Kit Plancher - Stellantis K0 Medium - Havan","isPartOf":{"@id":"https:\/\/havan.fr\/#website"},"primaryImageOfPage":{"@id":"https:\/\/havan.fr\/index.php\/produit\/kit-plancher-stellantis-k0-medium\/#primaryimage"},"image":{"@id":"https:\/\/havan.fr\/index.php\/produit\/kit-plancher-stellantis-k0-medium\/#primaryimage"},"thumbnailUrl":"https:\/\/i0.wp.com\/havan.fr\/wp-content\/uploads\/2025\/01\/Kit-plancher-K0-Medium.jpg?fit=1053%2C701&ssl=1","datePublished":"2025-01-14T07:27:05+00:00","dateModified":"2025-06-20T06:56:46+00:00","breadcrumb":{"@id":"https:\/\/havan.fr\/index.php\/produit\/kit-plancher-stellantis-k0-medium\/#breadcrumb"},"inLanguage":"fr-FR","potentialAction":[{"@type":"ReadAction","target":["https:\/\/havan.fr\/index.php\/produit\/kit-plancher-stellantis-k0-medium\/"]}]},{"@type":"ImageObject","inLanguage":"fr-FR","@id":"https:\/\/havan.fr\/index.php\/produit\/kit-plancher-stellantis-k0-medium\/#primaryimage","url":"https:\/\/i0.wp.com\/havan.fr\/wp-content\/uploads\/2025\/01\/Kit-plancher-K0-Medium.jpg?fit=1053%2C701&ssl=1","contentUrl":"https:\/\/i0.wp.com\/havan.fr\/wp-content\/uploads\/2025\/01\/Kit-plancher-K0-Medium.jpg?fit=1053%2C701&ssl=1","width":1053,"height":701,"caption":"Plancher pour Jumpy, expert, proace, scudo, vivaro type K0 Medium"},{"@type":"BreadcrumbList","@id":"https:\/\/havan.fr\/index.php\/produit\/kit-plancher-stellantis-k0-medium\/#breadcrumb","itemListElement":[{"@type":"ListItem","position":1,"name":"Accueil","item":"https:\/\/havan.fr\/"},{"@type":"ListItem","position":2,"name":"Boutique","item":"https:\/\/havan.fr\/index.php\/boutique\/"},{"@type":"ListItem","position":3,"name":"Kit Plancher &#8211; Stellantis K0 Medium"}]},{"@type":"WebSite","@id":"https:\/\/havan.fr\/#website","url":"https:\/\/havan.fr\/","name":"Havan","description":"V\u00e9hicules d&#039;aventures","publisher":{"@id":"https:\/\/havan.fr\/#organization"},"potentialAction":[{"@type":"SearchAction","target":{"@type":"EntryPoint","urlTemplate":"https:\/\/havan.fr\/?s={search_term_string}"},"query-input":{"@type":"PropertyValueSpecification","valueRequired":true,"valueName":"search_term_string"}}],"inLanguage":"fr-FR"},{"@type":"Organization","@id":"https:\/\/havan.fr\/#organization","name":"Havan","url":"https:\/\/havan.fr\/","logo":{"@type":"ImageObject","inLanguage":"fr-FR","@id":"https:\/\/havan.fr\/#\/schema\/logo\/image\/","url":"https:\/\/i0.wp.com\/havan.fr\/wp-content\/uploads\/2024\/12\/cropped-Logo-havan-vect.png?fit=1861%2C558&ssl=1","contentUrl":"https:\/\/i0.wp.com\/havan.fr\/wp-content\/uploads\/2024\/12\/cropped-Logo-havan-vect.png?fit=1861%2C558&ssl=1","width":1861,"height":558,"caption":"Havan"},"image":{"@id":"https:\/\/havan.fr\/#\/schema\/logo\/image\/"}}]}},"jetpack_sharing_enabled":true,"_links":{"self":[{"href":"https:\/\/havan.fr\/index.php\/wp-json\/wp\/v2\/product\/6183","targetHints":{"allow":["GET"]}}],"collection":[{"href":"https:\/\/havan.fr\/index.php\/wp-json\/wp\/v2\/product"}],"about":[{"href":"https:\/\/havan.fr\/index.php\/wp-json\/wp\/v2\/types\/product"}],"replies":[{"embeddable":true,"href":"https:\/\/havan.fr\/index.php\/wp-json\/wp\/v2\/comments?post=6183"}],"wp:featuredmedia":[{"embeddable":true,"href":"https:\/\/havan.fr\/index.php\/wp-json\/wp\/v2\/media\/6491"}],"wp:attachment":[{"href":"https:\/\/havan.fr\/index.php\/wp-json\/wp\/v2\/media?parent=6183"}],"wp:term":[{"taxonomy":"product_brand","embeddable":true,"href":"https:\/\/havan.fr\/index.php\/wp-json\/wp\/v2\/product_brand?post=6183"},{"taxonomy":"product_cat","embeddable":true,"href":"https:\/\/havan.fr\/index.php\/wp-json\/wp\/v2\/product_cat?post=6183"},{"taxonomy":"product_tag","embeddable":true,"href":"https:\/\/havan.fr\/index.php\/wp-json\/wp\/v2\/product_tag?post=6183"}],"curies":[{"name":"wp","href":"https:\/\/api.w.org\/{rel}","templated":true}]}}