{"id":6154,"date":"2025-01-13T19:39:31","date_gmt":"2025-01-13T18:39:31","guid":{"rendered":"https:\/\/havan.fr\/?post_type=product&#038;p=6154"},"modified":"2025-02-13T08:04:11","modified_gmt":"2025-02-13T07:04:11","slug":"kit-lit-equipee-camper-stellantis-k0-medium","status":"publish","type":"product","link":"https:\/\/havan.fr\/index.php\/produit\/kit-lit-equipee-camper-stellantis-k0-medium\/","title":{"rendered":"Kit Lit Peigne \u00e9quip\u00e9 &#8211; Camper Stellantis K0 Medium"},"content":{"rendered":"<p><strong>Havan<\/strong> vous propose un lit peigne \u00e9quip\u00e9 et compact, adapt\u00e9 aux formes complexes de nos chers versions <strong>medium Peugeot expert, Citro\u00ebn Jumpy, Opel Vivaro, Fiat Scudo ou encore Toyota Proace<\/strong> (apr\u00e8s 2016). Con\u00e7u et fabriqu\u00e9 pour durer, il est optimis\u00e9 afin d&rsquo;utiliser le moindre volume disponible.<\/p>\n<p>Il fait \u00e9galement partis de nos am\u00e9nagements en kit homologu\u00e9, et peut donc s&rsquo;inscrire dans un dossier de certification vers une <strong>transformation VASP<\/strong> !<\/p>\n<p>Totalement personnalisable, vous pourrez choisir parmi une gamme de couleurs et mat\u00e9riaux votre ensemble cuisine, mais \u00e9galement ajouter des options qui feront de votre am\u00e9nagement un espace de vie unique.<\/p>\n<p><span style=\"text-decoration: underline;\">D\u00e9tails et \u00e9quipements de s\u00e9rie :<\/span><\/p>\n<ul>\n<li>Structure bois en contreplaqu\u00e9 de peuplier<\/li>\n<li>Compartiment ventil\u00e9 pour un r\u00e9frig\u00e9rateur \u00e0 compression d&rsquo;environ 26L<\/li>\n<li>Compartiment de stockage annexe pour nourriture ou tout autre envie<\/li>\n<li>3 Tiroirs de rangements modulaire<\/li>\n<\/ul>\n<p><span style=\"text-decoration: underline;\">En options :<\/span><\/p>\n<ul>\n<li>Mousses sur mesures lavables selon vos coloris<\/li>\n<li>Organisateurs pour tiroir<\/li>\n<li>Organisateur pour compartiment annexe<\/li>\n<\/ul>\n<p><span style=\"text-decoration: underline;\">Personnalisation :<\/span><\/p>\n<ol>\n<li>Plaquage des panneaux visibles fixes<\/li>\n<li>Plaquage des fa\u00e7ades de tiroir<\/li>\n<li>Mati\u00e8res \/ couleurs des mousses (voir produit xxx)<\/li>\n<\/ol>\n","protected":false},"excerpt":{"rendered":"<p>Havan vous propose un lit peigne \u00e9quip\u00e9 et compact, adapt\u00e9 aux formes complexes de nos chers versions medium Peugeot expert, Citro\u00ebn Jumpy, Opel Vivaro, Fiat Scudo ou encore Toyota Proace (apr\u00e8s 2016). Con\u00e7u et fabriqu\u00e9 pour durer, il est optimis\u00e9 afin d&rsquo;utiliser le moindre volume disponible. Il fait \u00e9galement partis de nos am\u00e9nagements en kit &#8230; <\/p>\n<p class=\"read-more-container\"><a title=\"Kit Lit Peigne \u00e9quip\u00e9 &#8211; Camper Stellantis K0 Medium\" class=\"read-more button\" href=\"https:\/\/havan.fr\/index.php\/produit\/kit-lit-equipee-camper-stellantis-k0-medium\/#more-6154\">Read more<span class=\"screen-reader-text\">Kit Lit Peigne \u00e9quip\u00e9 &#8211; Camper Stellantis K0 Medium<\/span><\/a><\/p>\n","protected":false},"featured_media":6411,"comment_status":"open","ping_status":"closed","template":"","meta":[],"product_brand":[87],"product_cat":[70,53],"product_tag":[81],"class_list":{"0":"post-6154","1":"product","2":"type-product","3":"status-publish","4":"has-post-thumbnail","6":"product_brand-havan","7":"product_cat-boutique-pour-le-vehicule","8":"product_cat-mobilier-en-kit","9":"product_tag-stellantis-k0","10":"product_shipping_class-colis-speciaux","11":"sales-flash-overlay","12":"woocommerce-text-align-center","13":"woocommerce-image-align-center","15":"first","16":"onbackorder","17":"taxable","18":"shipping-taxable","19":"purchasable","20":"product-type-variable"},"yoast_head":"<!-- This site is optimized with the Yoast SEO plugin v27.4 - https:\/\/yoast.com\/product\/yoast-seo-wordpress\/ -->\n<title>Kit Lit Peigne \u00e9quip\u00e9 - Camper Stellantis K0 Medium - Havan<\/title>\n<meta name=\"description\" content=\"Havan vous propose un lit peigne \u00e9quip\u00e9 et compact, adapt\u00e9 aux formes complexes des Expert, Jumpy, Vivaro, Scudo ou encore Proace\" \/>\n<meta name=\"robots\" content=\"index, follow, max-snippet:-1, max-image-preview:large, max-video-preview:-1\" \/>\n<link rel=\"canonical\" href=\"https:\/\/havan.fr\/index.php\/produit\/kit-lit-equipee-camper-stellantis-k0-medium\/\" \/>\n<meta property=\"og:locale\" content=\"fr_FR\" \/>\n<meta property=\"og:type\" content=\"article\" \/>\n<meta property=\"og:title\" content=\"Kit Lit Peigne \u00e9quip\u00e9 - Camper Stellantis K0 Medium - Havan\" \/>\n<meta property=\"og:description\" content=\"Havan vous propose un lit peigne \u00e9quip\u00e9 et compact, adapt\u00e9 aux formes complexes des Expert, Jumpy, Vivaro, Scudo ou encore Proace\" \/>\n<meta property=\"og:url\" content=\"https:\/\/havan.fr\/index.php\/produit\/kit-lit-equipee-camper-stellantis-k0-medium\/\" \/>\n<meta property=\"og:site_name\" content=\"Havan\" \/>\n<meta property=\"article:modified_time\" content=\"2025-02-13T07:04:11+00:00\" \/>\n<meta property=\"og:image\" content=\"https:\/\/havan.fr\/wp-content\/uploads\/2025\/01\/FOREST_BED.png\" \/>\n\t<meta property=\"og:image:width\" content=\"1920\" \/>\n\t<meta property=\"og:image:height\" content=\"1080\" \/>\n\t<meta property=\"og:image:type\" content=\"image\/png\" \/>\n<meta name=\"twitter:card\" content=\"summary_large_image\" \/>\n<meta name=\"twitter:label1\" content=\"Dur\u00e9e de lecture estim\u00e9e\" \/>\n\t<meta name=\"twitter:data1\" content=\"2 minutes\" \/>\n<script type=\"application\/ld+json\" class=\"yoast-schema-graph\">{\"@context\":\"https:\\\/\\\/schema.org\",\"@graph\":[{\"@type\":\"WebPage\",\"@id\":\"https:\\\/\\\/havan.fr\\\/index.php\\\/produit\\\/kit-lit-equipee-camper-stellantis-k0-medium\\\/\",\"url\":\"https:\\\/\\\/havan.fr\\\/index.php\\\/produit\\\/kit-lit-equipee-camper-stellantis-k0-medium\\\/\",\"name\":\"Kit Lit Peigne \u00e9quip\u00e9 - Camper Stellantis K0 Medium - Havan\",\"isPartOf\":{\"@id\":\"https:\\\/\\\/havan.fr\\\/#website\"},\"primaryImageOfPage\":{\"@id\":\"https:\\\/\\\/havan.fr\\\/index.php\\\/produit\\\/kit-lit-equipee-camper-stellantis-k0-medium\\\/#primaryimage\"},\"image\":{\"@id\":\"https:\\\/\\\/havan.fr\\\/index.php\\\/produit\\\/kit-lit-equipee-camper-stellantis-k0-medium\\\/#primaryimage\"},\"thumbnailUrl\":\"https:\\\/\\\/i0.wp.com\\\/havan.fr\\\/wp-content\\\/uploads\\\/2025\\\/01\\\/FOREST_BED.png?fit=1920%2C1080&ssl=1\",\"datePublished\":\"2025-01-13T18:39:31+00:00\",\"dateModified\":\"2025-02-13T07:04:11+00:00\",\"description\":\"Havan vous propose un lit peigne \u00e9quip\u00e9 et compact, adapt\u00e9 aux formes complexes des Expert, Jumpy, Vivaro, Scudo ou encore Proace\",\"breadcrumb\":{\"@id\":\"https:\\\/\\\/havan.fr\\\/index.php\\\/produit\\\/kit-lit-equipee-camper-stellantis-k0-medium\\\/#breadcrumb\"},\"inLanguage\":\"fr-FR\",\"potentialAction\":[{\"@type\":\"ReadAction\",\"target\":[\"https:\\\/\\\/havan.fr\\\/index.php\\\/produit\\\/kit-lit-equipee-camper-stellantis-k0-medium\\\/\"]}]},{\"@type\":\"ImageObject\",\"inLanguage\":\"fr-FR\",\"@id\":\"https:\\\/\\\/havan.fr\\\/index.php\\\/produit\\\/kit-lit-equipee-camper-stellantis-k0-medium\\\/#primaryimage\",\"url\":\"https:\\\/\\\/i0.wp.com\\\/havan.fr\\\/wp-content\\\/uploads\\\/2025\\\/01\\\/FOREST_BED.png?fit=1920%2C1080&ssl=1\",\"contentUrl\":\"https:\\\/\\\/i0.wp.com\\\/havan.fr\\\/wp-content\\\/uploads\\\/2025\\\/01\\\/FOREST_BED.png?fit=1920%2C1080&ssl=1\",\"width\":1920,\"height\":1080},{\"@type\":\"BreadcrumbList\",\"@id\":\"https:\\\/\\\/havan.fr\\\/index.php\\\/produit\\\/kit-lit-equipee-camper-stellantis-k0-medium\\\/#breadcrumb\",\"itemListElement\":[{\"@type\":\"ListItem\",\"position\":1,\"name\":\"Accueil\",\"item\":\"https:\\\/\\\/havan.fr\\\/\"},{\"@type\":\"ListItem\",\"position\":2,\"name\":\"Boutique\",\"item\":\"https:\\\/\\\/havan.fr\\\/index.php\\\/boutique\\\/\"},{\"@type\":\"ListItem\",\"position\":3,\"name\":\"Kit Lit Peigne \u00e9quip\u00e9 &#8211; Camper Stellantis K0 Medium\"}]},{\"@type\":\"WebSite\",\"@id\":\"https:\\\/\\\/havan.fr\\\/#website\",\"url\":\"https:\\\/\\\/havan.fr\\\/\",\"name\":\"Havan\",\"description\":\"V\u00e9hicules d&#039;aventures\",\"publisher\":{\"@id\":\"https:\\\/\\\/havan.fr\\\/#organization\"},\"potentialAction\":[{\"@type\":\"SearchAction\",\"target\":{\"@type\":\"EntryPoint\",\"urlTemplate\":\"https:\\\/\\\/havan.fr\\\/?s={search_term_string}\"},\"query-input\":{\"@type\":\"PropertyValueSpecification\",\"valueRequired\":true,\"valueName\":\"search_term_string\"}}],\"inLanguage\":\"fr-FR\"},{\"@type\":\"Organization\",\"@id\":\"https:\\\/\\\/havan.fr\\\/#organization\",\"name\":\"Havan\",\"url\":\"https:\\\/\\\/havan.fr\\\/\",\"logo\":{\"@type\":\"ImageObject\",\"inLanguage\":\"fr-FR\",\"@id\":\"https:\\\/\\\/havan.fr\\\/#\\\/schema\\\/logo\\\/image\\\/\",\"url\":\"https:\\\/\\\/i0.wp.com\\\/havan.fr\\\/wp-content\\\/uploads\\\/2024\\\/12\\\/cropped-Logo-havan-vect.png?fit=1861%2C558&ssl=1\",\"contentUrl\":\"https:\\\/\\\/i0.wp.com\\\/havan.fr\\\/wp-content\\\/uploads\\\/2024\\\/12\\\/cropped-Logo-havan-vect.png?fit=1861%2C558&ssl=1\",\"width\":1861,\"height\":558,\"caption\":\"Havan\"},\"image\":{\"@id\":\"https:\\\/\\\/havan.fr\\\/#\\\/schema\\\/logo\\\/image\\\/\"}}]}<\/script>\n<!-- \/ Yoast SEO plugin. -->","yoast_head_json":{"title":"Kit Lit Peigne \u00e9quip\u00e9 - Camper Stellantis K0 Medium - Havan","description":"Havan vous propose un lit peigne \u00e9quip\u00e9 et compact, adapt\u00e9 aux formes complexes des Expert, Jumpy, Vivaro, Scudo ou encore Proace","robots":{"index":"index","follow":"follow","max-snippet":"max-snippet:-1","max-image-preview":"max-image-preview:large","max-video-preview":"max-video-preview:-1"},"canonical":"https:\/\/havan.fr\/index.php\/produit\/kit-lit-equipee-camper-stellantis-k0-medium\/","og_locale":"fr_FR","og_type":"article","og_title":"Kit Lit Peigne \u00e9quip\u00e9 - Camper Stellantis K0 Medium - Havan","og_description":"Havan vous propose un lit peigne \u00e9quip\u00e9 et compact, adapt\u00e9 aux formes complexes des Expert, Jumpy, Vivaro, Scudo ou encore Proace","og_url":"https:\/\/havan.fr\/index.php\/produit\/kit-lit-equipee-camper-stellantis-k0-medium\/","og_site_name":"Havan","article_modified_time":"2025-02-13T07:04:11+00:00","og_image":[{"width":1920,"height":1080,"url":"https:\/\/havan.fr\/wp-content\/uploads\/2025\/01\/FOREST_BED.png","type":"image\/png"}],"twitter_card":"summary_large_image","twitter_misc":{"Dur\u00e9e de lecture estim\u00e9e":"2 minutes"},"schema":{"@context":"https:\/\/schema.org","@graph":[{"@type":"WebPage","@id":"https:\/\/havan.fr\/index.php\/produit\/kit-lit-equipee-camper-stellantis-k0-medium\/","url":"https:\/\/havan.fr\/index.php\/produit\/kit-lit-equipee-camper-stellantis-k0-medium\/","name":"Kit Lit Peigne \u00e9quip\u00e9 - Camper Stellantis K0 Medium - Havan","isPartOf":{"@id":"https:\/\/havan.fr\/#website"},"primaryImageOfPage":{"@id":"https:\/\/havan.fr\/index.php\/produit\/kit-lit-equipee-camper-stellantis-k0-medium\/#primaryimage"},"image":{"@id":"https:\/\/havan.fr\/index.php\/produit\/kit-lit-equipee-camper-stellantis-k0-medium\/#primaryimage"},"thumbnailUrl":"https:\/\/i0.wp.com\/havan.fr\/wp-content\/uploads\/2025\/01\/FOREST_BED.png?fit=1920%2C1080&ssl=1","datePublished":"2025-01-13T18:39:31+00:00","dateModified":"2025-02-13T07:04:11+00:00","description":"Havan vous propose un lit peigne \u00e9quip\u00e9 et compact, adapt\u00e9 aux formes complexes des Expert, Jumpy, Vivaro, Scudo ou encore Proace","breadcrumb":{"@id":"https:\/\/havan.fr\/index.php\/produit\/kit-lit-equipee-camper-stellantis-k0-medium\/#breadcrumb"},"inLanguage":"fr-FR","potentialAction":[{"@type":"ReadAction","target":["https:\/\/havan.fr\/index.php\/produit\/kit-lit-equipee-camper-stellantis-k0-medium\/"]}]},{"@type":"ImageObject","inLanguage":"fr-FR","@id":"https:\/\/havan.fr\/index.php\/produit\/kit-lit-equipee-camper-stellantis-k0-medium\/#primaryimage","url":"https:\/\/i0.wp.com\/havan.fr\/wp-content\/uploads\/2025\/01\/FOREST_BED.png?fit=1920%2C1080&ssl=1","contentUrl":"https:\/\/i0.wp.com\/havan.fr\/wp-content\/uploads\/2025\/01\/FOREST_BED.png?fit=1920%2C1080&ssl=1","width":1920,"height":1080},{"@type":"BreadcrumbList","@id":"https:\/\/havan.fr\/index.php\/produit\/kit-lit-equipee-camper-stellantis-k0-medium\/#breadcrumb","itemListElement":[{"@type":"ListItem","position":1,"name":"Accueil","item":"https:\/\/havan.fr\/"},{"@type":"ListItem","position":2,"name":"Boutique","item":"https:\/\/havan.fr\/index.php\/boutique\/"},{"@type":"ListItem","position":3,"name":"Kit Lit Peigne \u00e9quip\u00e9 &#8211; Camper Stellantis K0 Medium"}]},{"@type":"WebSite","@id":"https:\/\/havan.fr\/#website","url":"https:\/\/havan.fr\/","name":"Havan","description":"V\u00e9hicules d&#039;aventures","publisher":{"@id":"https:\/\/havan.fr\/#organization"},"potentialAction":[{"@type":"SearchAction","target":{"@type":"EntryPoint","urlTemplate":"https:\/\/havan.fr\/?s={search_term_string}"},"query-input":{"@type":"PropertyValueSpecification","valueRequired":true,"valueName":"search_term_string"}}],"inLanguage":"fr-FR"},{"@type":"Organization","@id":"https:\/\/havan.fr\/#organization","name":"Havan","url":"https:\/\/havan.fr\/","logo":{"@type":"ImageObject","inLanguage":"fr-FR","@id":"https:\/\/havan.fr\/#\/schema\/logo\/image\/","url":"https:\/\/i0.wp.com\/havan.fr\/wp-content\/uploads\/2024\/12\/cropped-Logo-havan-vect.png?fit=1861%2C558&ssl=1","contentUrl":"https:\/\/i0.wp.com\/havan.fr\/wp-content\/uploads\/2024\/12\/cropped-Logo-havan-vect.png?fit=1861%2C558&ssl=1","width":1861,"height":558,"caption":"Havan"},"image":{"@id":"https:\/\/havan.fr\/#\/schema\/logo\/image\/"}}]}},"jetpack_sharing_enabled":true,"_links":{"self":[{"href":"https:\/\/havan.fr\/index.php\/wp-json\/wp\/v2\/product\/6154","targetHints":{"allow":["GET"]}}],"collection":[{"href":"https:\/\/havan.fr\/index.php\/wp-json\/wp\/v2\/product"}],"about":[{"href":"https:\/\/havan.fr\/index.php\/wp-json\/wp\/v2\/types\/product"}],"replies":[{"embeddable":true,"href":"https:\/\/havan.fr\/index.php\/wp-json\/wp\/v2\/comments?post=6154"}],"wp:featuredmedia":[{"embeddable":true,"href":"https:\/\/havan.fr\/index.php\/wp-json\/wp\/v2\/media\/6411"}],"wp:attachment":[{"href":"https:\/\/havan.fr\/index.php\/wp-json\/wp\/v2\/media?parent=6154"}],"wp:term":[{"taxonomy":"product_brand","embeddable":true,"href":"https:\/\/havan.fr\/index.php\/wp-json\/wp\/v2\/product_brand?post=6154"},{"taxonomy":"product_cat","embeddable":true,"href":"https:\/\/havan.fr\/index.php\/wp-json\/wp\/v2\/product_cat?post=6154"},{"taxonomy":"product_tag","embeddable":true,"href":"https:\/\/havan.fr\/index.php\/wp-json\/wp\/v2\/product_tag?post=6154"}],"curies":[{"name":"wp","href":"https:\/\/api.w.org\/{rel}","templated":true}]}}