{"id":6151,"date":"2025-01-13T19:30:23","date_gmt":"2025-01-13T18:30:23","guid":{"rendered":"https:\/\/havan.fr\/?post_type=product&#038;p=6151"},"modified":"2025-06-12T11:12:05","modified_gmt":"2025-06-12T09:12:05","slug":"kit-chauffage-autoterm-air-2d","status":"publish","type":"product","link":"https:\/\/havan.fr\/index.php\/produit\/kit-chauffage-autoterm-air-2d\/","title":{"rendered":"Kit chauffage Autoterm Air 2D"},"content":{"rendered":"<h2><span class=\"text-o-color-1\"><span class=\"h4-fs\"><strong>Composition du kit :<\/strong><\/span><\/span><\/h2>\n<ul>\n<li>Chauffage Autoterm Air 2D<\/li>\n<li>C\u00e2ble du tableau de commande 1,80m (<a title=\"\" href=\"https:\/\/www.autotermfrance.fr\/shop\/cable-panneau-commande-planar-89\" data-bs-original-title=\"\" aria-describedby=\"tooltip975553\">2067<\/a>)<\/li>\n<li>C\u00e2ble de pompe \u00e0 carburant 6m\u00a0<a title=\"\" href=\"tel:\/\/(2061)\" data-bs-original-title=\"\" aria-describedby=\"tooltip100575\">(2061)<\/a><\/li>\n<li>C\u00e2ble d&rsquo;alimentation 6,50m 12V (<a title=\"\" href=\"https:\/\/www.autotermfrance.fr\/shop\/cable-alimentation-12v-108\" data-bs-original-title=\"\" aria-describedby=\"tooltip21422\">3647<\/a>) ou 24V (<a title=\"\" href=\"https:\/\/www.autotermfrance.fr\/shop\/cable-alimentation-24v-109\" data-bs-original-title=\"\" aria-describedby=\"tooltip39723\">4007<\/a>)<\/li>\n<li>Conduite de carburant en nylon 5,5m (<a title=\"\" href=\"https:\/\/www.autotermfrance.fr\/shop\/conduite-carburant-nylon-p1537-32\" data-bs-original-title=\"\" aria-describedby=\"tooltip690348\">P1537<\/a>)<\/li>\n<li>Pompe \u00e0 carburant silencieuse 12V (<a title=\"\" href=\"https:\/\/www.autotermfrance.fr\/shop\/pompe-carburant-silencieuse-12v-4995-37\" data-bs-original-title=\"\" aria-describedby=\"tooltip22157\">4995<\/a>) ou 24V (<a title=\"\" href=\"https:\/\/www.autotermfrance.fr\/shop\/pompe-carburant-silencieuse-24v-4170-38\" data-bs-original-title=\"\">4997<\/a>)<\/li>\n<li>Collier de serrage pour pompe \u00e0 carburant (<a href=\"https:\/\/www.autotermfrance.fr\/shop\/pince-pompe-gasoil-86\">AT5-0027-AF0<\/a>)<\/li>\n<li>Plongeur \u00e0 carburant (<a title=\"\" href=\"https:\/\/www.autotermfrance.fr\/shop\/plongeur-a-gasoil-133\" data-bs-original-title=\"\" aria-describedby=\"tooltip115320\">807<\/a>)<\/li>\n<li>Silencieux avec kit de montage (<a title=\"\" href=\"https:\/\/www.autotermfrance.fr\/shop\/3944-silencieux-avec-kit-de-montage-o-24-mm-3944-758#attr=\" data-bs-original-title=\"\" aria-describedby=\"tooltip491238\">3944<\/a>)<\/li>\n<li>Tuyau \u00e9chappement 1m (<a title=\"\" href=\"https:\/\/www.autotermfrance.fr\/shop\/tuyau-echappement-24mm-51\" data-bs-original-title=\"\" aria-describedby=\"tooltip962018\">DE019<\/a>)<\/li>\n<li>Isolation thermique 45cm (<a title=\"\" href=\"https:\/\/www.autotermfrance.fr\/shop\/isolation-thermique-55\" data-bs-original-title=\"\" aria-describedby=\"tooltip531150\">909<\/a>)<\/li>\n<li>Tuyau d&rsquo;admission d&rsquo;air avec silencieux (<a title=\"\" href=\"https:\/\/www.autotermfrance.fr\/shop\/tuyau-admission-air-silencieux-2552-47\" data-bs-original-title=\"\" aria-describedby=\"tooltip407036\">2552<\/a>)<\/li>\n<li>Kit visserie, raccords et colliers<\/li>\n<\/ul>\n","protected":false},"excerpt":{"rendered":"<p><span class=\"o_small-fs\">Le chauffage Autoterm Air 2D est un chauffage autonome au diesel sp\u00e9cialement con\u00e7u pour les vans am\u00e9nag\u00e9s, camping-cars, camions ou bateaux. Livr\u00e9 en kit, homologu\u00e9 (VASP).<\/span><\/p>\n","protected":false},"featured_media":6152,"comment_status":"open","ping_status":"closed","template":"","meta":[],"product_brand":[83],"product_cat":[70,62],"product_tag":[79],"class_list":{"0":"post-6151","1":"product","2":"type-product","3":"status-publish","4":"has-post-thumbnail","6":"product_brand-autoterm","7":"product_cat-boutique-pour-le-vehicule","8":"product_cat-chauffages-et-accessoires","9":"product_tag-autoterm","10":"product_shipping_class-5kg","11":"sales-flash-overlay","12":"woocommerce-text-align-center","13":"woocommerce-image-align-center","15":"first","16":"onbackorder","17":"taxable","18":"shipping-taxable","19":"purchasable","20":"product-type-simple"},"yoast_head":"<!-- This site is optimized with the Yoast SEO plugin v27.4 - https:\/\/yoast.com\/product\/yoast-seo-wordpress\/ -->\n<title>Kit chauffage Autoterm Air 2D - Havan<\/title>\n<meta name=\"description\" content=\"Le chauffage Autoterm Air 2D est un chauffage autonome au diesel pour vos v\u00e9hicules d&#039;aventures. Livr\u00e9 en kit, homologu\u00e9 (VASP).\" \/>\n<meta name=\"robots\" content=\"index, follow, max-snippet:-1, max-image-preview:large, max-video-preview:-1\" \/>\n<link rel=\"canonical\" href=\"https:\/\/havan.fr\/index.php\/produit\/kit-chauffage-autoterm-air-2d\/\" \/>\n<meta property=\"og:locale\" content=\"fr_FR\" \/>\n<meta property=\"og:type\" content=\"article\" \/>\n<meta property=\"og:title\" content=\"Kit chauffage Autoterm Air 2D - Havan\" \/>\n<meta property=\"og:description\" content=\"Le chauffage Autoterm Air 2D est un chauffage autonome au diesel pour vos v\u00e9hicules d&#039;aventures. Livr\u00e9 en kit, homologu\u00e9 (VASP).\" \/>\n<meta property=\"og:url\" content=\"https:\/\/havan.fr\/index.php\/produit\/kit-chauffage-autoterm-air-2d\/\" \/>\n<meta property=\"og:site_name\" content=\"Havan\" \/>\n<meta property=\"article:modified_time\" content=\"2025-06-12T09:12:05+00:00\" \/>\n<meta property=\"og:image\" content=\"https:\/\/havan.fr\/wp-content\/uploads\/2025\/01\/2D12-Chauffage-Autoterm-Air-2D-2D-12V.png\" \/>\n\t<meta property=\"og:image:width\" content=\"800\" \/>\n\t<meta property=\"og:image:height\" content=\"800\" \/>\n\t<meta property=\"og:image:type\" content=\"image\/png\" \/>\n<meta name=\"twitter:card\" content=\"summary_large_image\" \/>\n<meta name=\"twitter:label1\" content=\"Dur\u00e9e de lecture estim\u00e9e\" \/>\n\t<meta name=\"twitter:data1\" content=\"1 minute\" \/>\n<script type=\"application\/ld+json\" class=\"yoast-schema-graph\">{\"@context\":\"https:\\\/\\\/schema.org\",\"@graph\":[{\"@type\":\"WebPage\",\"@id\":\"https:\\\/\\\/havan.fr\\\/index.php\\\/produit\\\/kit-chauffage-autoterm-air-2d\\\/\",\"url\":\"https:\\\/\\\/havan.fr\\\/index.php\\\/produit\\\/kit-chauffage-autoterm-air-2d\\\/\",\"name\":\"Kit chauffage Autoterm Air 2D - Havan\",\"isPartOf\":{\"@id\":\"https:\\\/\\\/havan.fr\\\/#website\"},\"primaryImageOfPage\":{\"@id\":\"https:\\\/\\\/havan.fr\\\/index.php\\\/produit\\\/kit-chauffage-autoterm-air-2d\\\/#primaryimage\"},\"image\":{\"@id\":\"https:\\\/\\\/havan.fr\\\/index.php\\\/produit\\\/kit-chauffage-autoterm-air-2d\\\/#primaryimage\"},\"thumbnailUrl\":\"https:\\\/\\\/i0.wp.com\\\/havan.fr\\\/wp-content\\\/uploads\\\/2025\\\/01\\\/2D12-Chauffage-Autoterm-Air-2D-2D-12V.png?fit=800%2C800&ssl=1\",\"datePublished\":\"2025-01-13T18:30:23+00:00\",\"dateModified\":\"2025-06-12T09:12:05+00:00\",\"description\":\"Le chauffage Autoterm Air 2D est un chauffage autonome au diesel pour vos v\u00e9hicules d'aventures. Livr\u00e9 en kit, homologu\u00e9 (VASP).\",\"breadcrumb\":{\"@id\":\"https:\\\/\\\/havan.fr\\\/index.php\\\/produit\\\/kit-chauffage-autoterm-air-2d\\\/#breadcrumb\"},\"inLanguage\":\"fr-FR\",\"potentialAction\":[{\"@type\":\"ReadAction\",\"target\":[\"https:\\\/\\\/havan.fr\\\/index.php\\\/produit\\\/kit-chauffage-autoterm-air-2d\\\/\"]}]},{\"@type\":\"ImageObject\",\"inLanguage\":\"fr-FR\",\"@id\":\"https:\\\/\\\/havan.fr\\\/index.php\\\/produit\\\/kit-chauffage-autoterm-air-2d\\\/#primaryimage\",\"url\":\"https:\\\/\\\/i0.wp.com\\\/havan.fr\\\/wp-content\\\/uploads\\\/2025\\\/01\\\/2D12-Chauffage-Autoterm-Air-2D-2D-12V.png?fit=800%2C800&ssl=1\",\"contentUrl\":\"https:\\\/\\\/i0.wp.com\\\/havan.fr\\\/wp-content\\\/uploads\\\/2025\\\/01\\\/2D12-Chauffage-Autoterm-Air-2D-2D-12V.png?fit=800%2C800&ssl=1\",\"width\":800,\"height\":800,\"caption\":\"chauffage stationnaire autoterm air 2d \u00e0 air puls\u00e9\"},{\"@type\":\"BreadcrumbList\",\"@id\":\"https:\\\/\\\/havan.fr\\\/index.php\\\/produit\\\/kit-chauffage-autoterm-air-2d\\\/#breadcrumb\",\"itemListElement\":[{\"@type\":\"ListItem\",\"position\":1,\"name\":\"Accueil\",\"item\":\"https:\\\/\\\/havan.fr\\\/\"},{\"@type\":\"ListItem\",\"position\":2,\"name\":\"Boutique\",\"item\":\"https:\\\/\\\/havan.fr\\\/index.php\\\/boutique\\\/\"},{\"@type\":\"ListItem\",\"position\":3,\"name\":\"Kit chauffage Autoterm Air 2D\"}]},{\"@type\":\"WebSite\",\"@id\":\"https:\\\/\\\/havan.fr\\\/#website\",\"url\":\"https:\\\/\\\/havan.fr\\\/\",\"name\":\"Havan\",\"description\":\"V\u00e9hicules d&#039;aventures\",\"publisher\":{\"@id\":\"https:\\\/\\\/havan.fr\\\/#organization\"},\"potentialAction\":[{\"@type\":\"SearchAction\",\"target\":{\"@type\":\"EntryPoint\",\"urlTemplate\":\"https:\\\/\\\/havan.fr\\\/?s={search_term_string}\"},\"query-input\":{\"@type\":\"PropertyValueSpecification\",\"valueRequired\":true,\"valueName\":\"search_term_string\"}}],\"inLanguage\":\"fr-FR\"},{\"@type\":\"Organization\",\"@id\":\"https:\\\/\\\/havan.fr\\\/#organization\",\"name\":\"Havan\",\"url\":\"https:\\\/\\\/havan.fr\\\/\",\"logo\":{\"@type\":\"ImageObject\",\"inLanguage\":\"fr-FR\",\"@id\":\"https:\\\/\\\/havan.fr\\\/#\\\/schema\\\/logo\\\/image\\\/\",\"url\":\"https:\\\/\\\/i0.wp.com\\\/havan.fr\\\/wp-content\\\/uploads\\\/2024\\\/12\\\/cropped-Logo-havan-vect.png?fit=1861%2C558&ssl=1\",\"contentUrl\":\"https:\\\/\\\/i0.wp.com\\\/havan.fr\\\/wp-content\\\/uploads\\\/2024\\\/12\\\/cropped-Logo-havan-vect.png?fit=1861%2C558&ssl=1\",\"width\":1861,\"height\":558,\"caption\":\"Havan\"},\"image\":{\"@id\":\"https:\\\/\\\/havan.fr\\\/#\\\/schema\\\/logo\\\/image\\\/\"}}]}<\/script>\n<!-- \/ Yoast SEO plugin. -->","yoast_head_json":{"title":"Kit chauffage Autoterm Air 2D - Havan","description":"Le chauffage Autoterm Air 2D est un chauffage autonome au diesel pour vos v\u00e9hicules d'aventures. Livr\u00e9 en kit, homologu\u00e9 (VASP).","robots":{"index":"index","follow":"follow","max-snippet":"max-snippet:-1","max-image-preview":"max-image-preview:large","max-video-preview":"max-video-preview:-1"},"canonical":"https:\/\/havan.fr\/index.php\/produit\/kit-chauffage-autoterm-air-2d\/","og_locale":"fr_FR","og_type":"article","og_title":"Kit chauffage Autoterm Air 2D - Havan","og_description":"Le chauffage Autoterm Air 2D est un chauffage autonome au diesel pour vos v\u00e9hicules d'aventures. Livr\u00e9 en kit, homologu\u00e9 (VASP).","og_url":"https:\/\/havan.fr\/index.php\/produit\/kit-chauffage-autoterm-air-2d\/","og_site_name":"Havan","article_modified_time":"2025-06-12T09:12:05+00:00","og_image":[{"width":800,"height":800,"url":"https:\/\/havan.fr\/wp-content\/uploads\/2025\/01\/2D12-Chauffage-Autoterm-Air-2D-2D-12V.png","type":"image\/png"}],"twitter_card":"summary_large_image","twitter_misc":{"Dur\u00e9e de lecture estim\u00e9e":"1 minute"},"schema":{"@context":"https:\/\/schema.org","@graph":[{"@type":"WebPage","@id":"https:\/\/havan.fr\/index.php\/produit\/kit-chauffage-autoterm-air-2d\/","url":"https:\/\/havan.fr\/index.php\/produit\/kit-chauffage-autoterm-air-2d\/","name":"Kit chauffage Autoterm Air 2D - Havan","isPartOf":{"@id":"https:\/\/havan.fr\/#website"},"primaryImageOfPage":{"@id":"https:\/\/havan.fr\/index.php\/produit\/kit-chauffage-autoterm-air-2d\/#primaryimage"},"image":{"@id":"https:\/\/havan.fr\/index.php\/produit\/kit-chauffage-autoterm-air-2d\/#primaryimage"},"thumbnailUrl":"https:\/\/i0.wp.com\/havan.fr\/wp-content\/uploads\/2025\/01\/2D12-Chauffage-Autoterm-Air-2D-2D-12V.png?fit=800%2C800&ssl=1","datePublished":"2025-01-13T18:30:23+00:00","dateModified":"2025-06-12T09:12:05+00:00","description":"Le chauffage Autoterm Air 2D est un chauffage autonome au diesel pour vos v\u00e9hicules d'aventures. Livr\u00e9 en kit, homologu\u00e9 (VASP).","breadcrumb":{"@id":"https:\/\/havan.fr\/index.php\/produit\/kit-chauffage-autoterm-air-2d\/#breadcrumb"},"inLanguage":"fr-FR","potentialAction":[{"@type":"ReadAction","target":["https:\/\/havan.fr\/index.php\/produit\/kit-chauffage-autoterm-air-2d\/"]}]},{"@type":"ImageObject","inLanguage":"fr-FR","@id":"https:\/\/havan.fr\/index.php\/produit\/kit-chauffage-autoterm-air-2d\/#primaryimage","url":"https:\/\/i0.wp.com\/havan.fr\/wp-content\/uploads\/2025\/01\/2D12-Chauffage-Autoterm-Air-2D-2D-12V.png?fit=800%2C800&ssl=1","contentUrl":"https:\/\/i0.wp.com\/havan.fr\/wp-content\/uploads\/2025\/01\/2D12-Chauffage-Autoterm-Air-2D-2D-12V.png?fit=800%2C800&ssl=1","width":800,"height":800,"caption":"chauffage stationnaire autoterm air 2d \u00e0 air puls\u00e9"},{"@type":"BreadcrumbList","@id":"https:\/\/havan.fr\/index.php\/produit\/kit-chauffage-autoterm-air-2d\/#breadcrumb","itemListElement":[{"@type":"ListItem","position":1,"name":"Accueil","item":"https:\/\/havan.fr\/"},{"@type":"ListItem","position":2,"name":"Boutique","item":"https:\/\/havan.fr\/index.php\/boutique\/"},{"@type":"ListItem","position":3,"name":"Kit chauffage Autoterm Air 2D"}]},{"@type":"WebSite","@id":"https:\/\/havan.fr\/#website","url":"https:\/\/havan.fr\/","name":"Havan","description":"V\u00e9hicules d&#039;aventures","publisher":{"@id":"https:\/\/havan.fr\/#organization"},"potentialAction":[{"@type":"SearchAction","target":{"@type":"EntryPoint","urlTemplate":"https:\/\/havan.fr\/?s={search_term_string}"},"query-input":{"@type":"PropertyValueSpecification","valueRequired":true,"valueName":"search_term_string"}}],"inLanguage":"fr-FR"},{"@type":"Organization","@id":"https:\/\/havan.fr\/#organization","name":"Havan","url":"https:\/\/havan.fr\/","logo":{"@type":"ImageObject","inLanguage":"fr-FR","@id":"https:\/\/havan.fr\/#\/schema\/logo\/image\/","url":"https:\/\/i0.wp.com\/havan.fr\/wp-content\/uploads\/2024\/12\/cropped-Logo-havan-vect.png?fit=1861%2C558&ssl=1","contentUrl":"https:\/\/i0.wp.com\/havan.fr\/wp-content\/uploads\/2024\/12\/cropped-Logo-havan-vect.png?fit=1861%2C558&ssl=1","width":1861,"height":558,"caption":"Havan"},"image":{"@id":"https:\/\/havan.fr\/#\/schema\/logo\/image\/"}}]}},"jetpack_sharing_enabled":true,"_links":{"self":[{"href":"https:\/\/havan.fr\/index.php\/wp-json\/wp\/v2\/product\/6151","targetHints":{"allow":["GET"]}}],"collection":[{"href":"https:\/\/havan.fr\/index.php\/wp-json\/wp\/v2\/product"}],"about":[{"href":"https:\/\/havan.fr\/index.php\/wp-json\/wp\/v2\/types\/product"}],"replies":[{"embeddable":true,"href":"https:\/\/havan.fr\/index.php\/wp-json\/wp\/v2\/comments?post=6151"}],"wp:featuredmedia":[{"embeddable":true,"href":"https:\/\/havan.fr\/index.php\/wp-json\/wp\/v2\/media\/6152"}],"wp:attachment":[{"href":"https:\/\/havan.fr\/index.php\/wp-json\/wp\/v2\/media?parent=6151"}],"wp:term":[{"taxonomy":"product_brand","embeddable":true,"href":"https:\/\/havan.fr\/index.php\/wp-json\/wp\/v2\/product_brand?post=6151"},{"taxonomy":"product_cat","embeddable":true,"href":"https:\/\/havan.fr\/index.php\/wp-json\/wp\/v2\/product_cat?post=6151"},{"taxonomy":"product_tag","embeddable":true,"href":"https:\/\/havan.fr\/index.php\/wp-json\/wp\/v2\/product_tag?post=6151"}],"curies":[{"name":"wp","href":"https:\/\/api.w.org\/{rel}","templated":true}]}}