{"id":5921,"date":"2024-12-30T20:12:25","date_gmt":"2024-12-30T19:12:25","guid":{"rendered":"https:\/\/havan.fr\/?post_type=product&#038;p=5921"},"modified":"2025-06-12T11:11:50","modified_gmt":"2025-06-12T09:11:50","slug":"kit-coffre-autoterm-air-2d-et-supports","status":"publish","type":"product","link":"https:\/\/havan.fr\/index.php\/produit\/kit-coffre-autoterm-air-2d-et-supports\/","title":{"rendered":"Kit Coffre Autoterm Air 2D et Supports"},"content":{"rendered":"<h2>Description :<\/h2>\n<p>Ce coffre de montage en acier inoxydable est compatible avec\u00a0les chauffages\u00a0Autoterm Air 2D.<\/p>\n<p>Le fabricant recommande d&rsquo;utiliser un coffre de montage lorsque vous installez le chauffage sous le ch\u00e2ssis afin qu&rsquo;il soit prot\u00e9g\u00e9 de la poussi\u00e8re et des projections .Ce coffre de montage pour le chauffage, vous permet de gagner de la place dans le v\u00e9hicule et d&rsquo;installer votre chauffage sous le plancher.<\/p>\n<h2>Accessoires inclus :<\/h2>\n<ul>\n<li>1x coffre de montage en acier inoxydable<\/li>\n<li>1x raccord en caoutchouc<\/li>\n<li>2x bride<\/li>\n<li>4x boulons<\/li>\n<li>4x rondelles<\/li>\n<\/ul>\n","protected":false},"excerpt":{"rendered":"<p>Description : Ce coffre de montage en acier inoxydable est compatible avec\u00a0les chauffages\u00a0Autoterm Air 2D. Le fabricant recommande d&rsquo;utiliser un coffre de montage lorsque vous installez le chauffage sous le ch\u00e2ssis afin qu&rsquo;il soit prot\u00e9g\u00e9 de la poussi\u00e8re et des projections .Ce coffre de montage pour le chauffage, vous permet de gagner de la place &#8230; <\/p>\n<p class=\"read-more-container\"><a title=\"Kit Coffre Autoterm Air 2D et Supports\" class=\"read-more button\" href=\"https:\/\/havan.fr\/index.php\/produit\/kit-coffre-autoterm-air-2d-et-supports\/#more-5921\">Read more<span class=\"screen-reader-text\">Kit Coffre Autoterm Air 2D et Supports<\/span><\/a><\/p>\n","protected":false},"featured_media":5922,"comment_status":"open","ping_status":"closed","template":"","meta":[],"product_brand":[83],"product_cat":[70,62],"product_tag":[79],"class_list":{"0":"post-5921","1":"product","2":"type-product","3":"status-publish","4":"has-post-thumbnail","6":"product_brand-autoterm","7":"product_cat-boutique-pour-le-vehicule","8":"product_cat-chauffages-et-accessoires","9":"product_tag-autoterm","10":"product_shipping_class-5kg","11":"sales-flash-overlay","12":"woocommerce-text-align-center","13":"woocommerce-image-align-center","15":"first","16":"onbackorder","17":"taxable","18":"shipping-taxable","19":"purchasable","20":"product-type-simple"},"yoast_head":"<!-- This site is optimized with the Yoast SEO plugin v27.4 - https:\/\/yoast.com\/product\/yoast-seo-wordpress\/ -->\n<title>Kit Coffre Autoterm Air 2D et Supports - Havan<\/title>\n<meta name=\"robots\" content=\"index, follow, max-snippet:-1, max-image-preview:large, max-video-preview:-1\" \/>\n<link rel=\"canonical\" href=\"https:\/\/havan.fr\/index.php\/produit\/kit-coffre-autoterm-air-2d-et-supports\/\" \/>\n<meta property=\"og:locale\" content=\"fr_FR\" \/>\n<meta property=\"og:type\" content=\"article\" \/>\n<meta property=\"og:title\" content=\"Kit Coffre Autoterm Air 2D et Supports - Havan\" \/>\n<meta property=\"og:description\" content=\"Description : Ce coffre de montage en acier inoxydable est compatible avec\u00a0les chauffages\u00a0Autoterm Air 2D. Le fabricant recommande d&rsquo;utiliser un coffre de montage lorsque vous installez le chauffage sous le ch\u00e2ssis afin qu&rsquo;il soit prot\u00e9g\u00e9 de la poussi\u00e8re et des projections .Ce coffre de montage pour le chauffage, vous permet de gagner de la place ... Read moreKit Coffre Autoterm Air 2D et Supports\" \/>\n<meta property=\"og:url\" content=\"https:\/\/havan.fr\/index.php\/produit\/kit-coffre-autoterm-air-2d-et-supports\/\" \/>\n<meta property=\"og:site_name\" content=\"Havan\" \/>\n<meta property=\"article:modified_time\" content=\"2025-06-12T09:11:50+00:00\" \/>\n<meta property=\"og:image\" content=\"https:\/\/havan.fr\/wp-content\/uploads\/2024\/12\/Coffre-autoterm-air2d.jpg\" \/>\n\t<meta property=\"og:image:width\" content=\"398\" \/>\n\t<meta property=\"og:image:height\" content=\"354\" \/>\n\t<meta property=\"og:image:type\" content=\"image\/jpeg\" \/>\n<meta name=\"twitter:card\" content=\"summary_large_image\" \/>\n<meta name=\"twitter:label1\" content=\"Dur\u00e9e de lecture estim\u00e9e\" \/>\n\t<meta name=\"twitter:data1\" content=\"1 minute\" \/>\n<script type=\"application\/ld+json\" class=\"yoast-schema-graph\">{\"@context\":\"https:\\\/\\\/schema.org\",\"@graph\":[{\"@type\":\"WebPage\",\"@id\":\"https:\\\/\\\/havan.fr\\\/index.php\\\/produit\\\/kit-coffre-autoterm-air-2d-et-supports\\\/\",\"url\":\"https:\\\/\\\/havan.fr\\\/index.php\\\/produit\\\/kit-coffre-autoterm-air-2d-et-supports\\\/\",\"name\":\"Kit Coffre Autoterm Air 2D et Supports - Havan\",\"isPartOf\":{\"@id\":\"https:\\\/\\\/havan.fr\\\/#website\"},\"primaryImageOfPage\":{\"@id\":\"https:\\\/\\\/havan.fr\\\/index.php\\\/produit\\\/kit-coffre-autoterm-air-2d-et-supports\\\/#primaryimage\"},\"image\":{\"@id\":\"https:\\\/\\\/havan.fr\\\/index.php\\\/produit\\\/kit-coffre-autoterm-air-2d-et-supports\\\/#primaryimage\"},\"thumbnailUrl\":\"https:\\\/\\\/i0.wp.com\\\/havan.fr\\\/wp-content\\\/uploads\\\/2024\\\/12\\\/Coffre-autoterm-air2d.jpg?fit=398%2C354&ssl=1\",\"datePublished\":\"2024-12-30T19:12:25+00:00\",\"dateModified\":\"2025-06-12T09:11:50+00:00\",\"breadcrumb\":{\"@id\":\"https:\\\/\\\/havan.fr\\\/index.php\\\/produit\\\/kit-coffre-autoterm-air-2d-et-supports\\\/#breadcrumb\"},\"inLanguage\":\"fr-FR\",\"potentialAction\":[{\"@type\":\"ReadAction\",\"target\":[\"https:\\\/\\\/havan.fr\\\/index.php\\\/produit\\\/kit-coffre-autoterm-air-2d-et-supports\\\/\"]}]},{\"@type\":\"ImageObject\",\"inLanguage\":\"fr-FR\",\"@id\":\"https:\\\/\\\/havan.fr\\\/index.php\\\/produit\\\/kit-coffre-autoterm-air-2d-et-supports\\\/#primaryimage\",\"url\":\"https:\\\/\\\/i0.wp.com\\\/havan.fr\\\/wp-content\\\/uploads\\\/2024\\\/12\\\/Coffre-autoterm-air2d.jpg?fit=398%2C354&ssl=1\",\"contentUrl\":\"https:\\\/\\\/i0.wp.com\\\/havan.fr\\\/wp-content\\\/uploads\\\/2024\\\/12\\\/Coffre-autoterm-air2d.jpg?fit=398%2C354&ssl=1\",\"width\":398,\"height\":354},{\"@type\":\"BreadcrumbList\",\"@id\":\"https:\\\/\\\/havan.fr\\\/index.php\\\/produit\\\/kit-coffre-autoterm-air-2d-et-supports\\\/#breadcrumb\",\"itemListElement\":[{\"@type\":\"ListItem\",\"position\":1,\"name\":\"Accueil\",\"item\":\"https:\\\/\\\/havan.fr\\\/\"},{\"@type\":\"ListItem\",\"position\":2,\"name\":\"Boutique\",\"item\":\"https:\\\/\\\/havan.fr\\\/index.php\\\/boutique\\\/\"},{\"@type\":\"ListItem\",\"position\":3,\"name\":\"Kit Coffre Autoterm Air 2D et Supports\"}]},{\"@type\":\"WebSite\",\"@id\":\"https:\\\/\\\/havan.fr\\\/#website\",\"url\":\"https:\\\/\\\/havan.fr\\\/\",\"name\":\"Havan\",\"description\":\"V\u00e9hicules d&#039;aventures\",\"publisher\":{\"@id\":\"https:\\\/\\\/havan.fr\\\/#organization\"},\"potentialAction\":[{\"@type\":\"SearchAction\",\"target\":{\"@type\":\"EntryPoint\",\"urlTemplate\":\"https:\\\/\\\/havan.fr\\\/?s={search_term_string}\"},\"query-input\":{\"@type\":\"PropertyValueSpecification\",\"valueRequired\":true,\"valueName\":\"search_term_string\"}}],\"inLanguage\":\"fr-FR\"},{\"@type\":\"Organization\",\"@id\":\"https:\\\/\\\/havan.fr\\\/#organization\",\"name\":\"Havan\",\"url\":\"https:\\\/\\\/havan.fr\\\/\",\"logo\":{\"@type\":\"ImageObject\",\"inLanguage\":\"fr-FR\",\"@id\":\"https:\\\/\\\/havan.fr\\\/#\\\/schema\\\/logo\\\/image\\\/\",\"url\":\"https:\\\/\\\/i0.wp.com\\\/havan.fr\\\/wp-content\\\/uploads\\\/2024\\\/12\\\/cropped-Logo-havan-vect.png?fit=1861%2C558&ssl=1\",\"contentUrl\":\"https:\\\/\\\/i0.wp.com\\\/havan.fr\\\/wp-content\\\/uploads\\\/2024\\\/12\\\/cropped-Logo-havan-vect.png?fit=1861%2C558&ssl=1\",\"width\":1861,\"height\":558,\"caption\":\"Havan\"},\"image\":{\"@id\":\"https:\\\/\\\/havan.fr\\\/#\\\/schema\\\/logo\\\/image\\\/\"}}]}<\/script>\n<!-- \/ Yoast SEO plugin. -->","yoast_head_json":{"title":"Kit Coffre Autoterm Air 2D et Supports - Havan","robots":{"index":"index","follow":"follow","max-snippet":"max-snippet:-1","max-image-preview":"max-image-preview:large","max-video-preview":"max-video-preview:-1"},"canonical":"https:\/\/havan.fr\/index.php\/produit\/kit-coffre-autoterm-air-2d-et-supports\/","og_locale":"fr_FR","og_type":"article","og_title":"Kit Coffre Autoterm Air 2D et Supports - Havan","og_description":"Description : Ce coffre de montage en acier inoxydable est compatible avec\u00a0les chauffages\u00a0Autoterm Air 2D. Le fabricant recommande d&rsquo;utiliser un coffre de montage lorsque vous installez le chauffage sous le ch\u00e2ssis afin qu&rsquo;il soit prot\u00e9g\u00e9 de la poussi\u00e8re et des projections .Ce coffre de montage pour le chauffage, vous permet de gagner de la place ... Read moreKit Coffre Autoterm Air 2D et Supports","og_url":"https:\/\/havan.fr\/index.php\/produit\/kit-coffre-autoterm-air-2d-et-supports\/","og_site_name":"Havan","article_modified_time":"2025-06-12T09:11:50+00:00","og_image":[{"width":398,"height":354,"url":"https:\/\/havan.fr\/wp-content\/uploads\/2024\/12\/Coffre-autoterm-air2d.jpg","type":"image\/jpeg"}],"twitter_card":"summary_large_image","twitter_misc":{"Dur\u00e9e de lecture estim\u00e9e":"1 minute"},"schema":{"@context":"https:\/\/schema.org","@graph":[{"@type":"WebPage","@id":"https:\/\/havan.fr\/index.php\/produit\/kit-coffre-autoterm-air-2d-et-supports\/","url":"https:\/\/havan.fr\/index.php\/produit\/kit-coffre-autoterm-air-2d-et-supports\/","name":"Kit Coffre Autoterm Air 2D et Supports - Havan","isPartOf":{"@id":"https:\/\/havan.fr\/#website"},"primaryImageOfPage":{"@id":"https:\/\/havan.fr\/index.php\/produit\/kit-coffre-autoterm-air-2d-et-supports\/#primaryimage"},"image":{"@id":"https:\/\/havan.fr\/index.php\/produit\/kit-coffre-autoterm-air-2d-et-supports\/#primaryimage"},"thumbnailUrl":"https:\/\/i0.wp.com\/havan.fr\/wp-content\/uploads\/2024\/12\/Coffre-autoterm-air2d.jpg?fit=398%2C354&ssl=1","datePublished":"2024-12-30T19:12:25+00:00","dateModified":"2025-06-12T09:11:50+00:00","breadcrumb":{"@id":"https:\/\/havan.fr\/index.php\/produit\/kit-coffre-autoterm-air-2d-et-supports\/#breadcrumb"},"inLanguage":"fr-FR","potentialAction":[{"@type":"ReadAction","target":["https:\/\/havan.fr\/index.php\/produit\/kit-coffre-autoterm-air-2d-et-supports\/"]}]},{"@type":"ImageObject","inLanguage":"fr-FR","@id":"https:\/\/havan.fr\/index.php\/produit\/kit-coffre-autoterm-air-2d-et-supports\/#primaryimage","url":"https:\/\/i0.wp.com\/havan.fr\/wp-content\/uploads\/2024\/12\/Coffre-autoterm-air2d.jpg?fit=398%2C354&ssl=1","contentUrl":"https:\/\/i0.wp.com\/havan.fr\/wp-content\/uploads\/2024\/12\/Coffre-autoterm-air2d.jpg?fit=398%2C354&ssl=1","width":398,"height":354},{"@type":"BreadcrumbList","@id":"https:\/\/havan.fr\/index.php\/produit\/kit-coffre-autoterm-air-2d-et-supports\/#breadcrumb","itemListElement":[{"@type":"ListItem","position":1,"name":"Accueil","item":"https:\/\/havan.fr\/"},{"@type":"ListItem","position":2,"name":"Boutique","item":"https:\/\/havan.fr\/index.php\/boutique\/"},{"@type":"ListItem","position":3,"name":"Kit Coffre Autoterm Air 2D et Supports"}]},{"@type":"WebSite","@id":"https:\/\/havan.fr\/#website","url":"https:\/\/havan.fr\/","name":"Havan","description":"V\u00e9hicules d&#039;aventures","publisher":{"@id":"https:\/\/havan.fr\/#organization"},"potentialAction":[{"@type":"SearchAction","target":{"@type":"EntryPoint","urlTemplate":"https:\/\/havan.fr\/?s={search_term_string}"},"query-input":{"@type":"PropertyValueSpecification","valueRequired":true,"valueName":"search_term_string"}}],"inLanguage":"fr-FR"},{"@type":"Organization","@id":"https:\/\/havan.fr\/#organization","name":"Havan","url":"https:\/\/havan.fr\/","logo":{"@type":"ImageObject","inLanguage":"fr-FR","@id":"https:\/\/havan.fr\/#\/schema\/logo\/image\/","url":"https:\/\/i0.wp.com\/havan.fr\/wp-content\/uploads\/2024\/12\/cropped-Logo-havan-vect.png?fit=1861%2C558&ssl=1","contentUrl":"https:\/\/i0.wp.com\/havan.fr\/wp-content\/uploads\/2024\/12\/cropped-Logo-havan-vect.png?fit=1861%2C558&ssl=1","width":1861,"height":558,"caption":"Havan"},"image":{"@id":"https:\/\/havan.fr\/#\/schema\/logo\/image\/"}}]}},"jetpack_sharing_enabled":true,"_links":{"self":[{"href":"https:\/\/havan.fr\/index.php\/wp-json\/wp\/v2\/product\/5921","targetHints":{"allow":["GET"]}}],"collection":[{"href":"https:\/\/havan.fr\/index.php\/wp-json\/wp\/v2\/product"}],"about":[{"href":"https:\/\/havan.fr\/index.php\/wp-json\/wp\/v2\/types\/product"}],"replies":[{"embeddable":true,"href":"https:\/\/havan.fr\/index.php\/wp-json\/wp\/v2\/comments?post=5921"}],"wp:featuredmedia":[{"embeddable":true,"href":"https:\/\/havan.fr\/index.php\/wp-json\/wp\/v2\/media\/5922"}],"wp:attachment":[{"href":"https:\/\/havan.fr\/index.php\/wp-json\/wp\/v2\/media?parent=5921"}],"wp:term":[{"taxonomy":"product_brand","embeddable":true,"href":"https:\/\/havan.fr\/index.php\/wp-json\/wp\/v2\/product_brand?post=5921"},{"taxonomy":"product_cat","embeddable":true,"href":"https:\/\/havan.fr\/index.php\/wp-json\/wp\/v2\/product_cat?post=5921"},{"taxonomy":"product_tag","embeddable":true,"href":"https:\/\/havan.fr\/index.php\/wp-json\/wp\/v2\/product_tag?post=5921"}],"curies":[{"name":"wp","href":"https:\/\/api.w.org\/{rel}","templated":true}]}}