{"id":3881,"date":"2019-01-16T13:01:55","date_gmt":"2019-01-16T13:01:55","guid":{"rendered":"https:\/\/woocommercecore.mystagingwebsite.com\/product\/t-shirt-with-logo\/"},"modified":"2025-03-24T09:31:32","modified_gmt":"2025-03-24T08:31:32","slug":"kit-cuisine-stellantis","status":"publish","type":"product","link":"https:\/\/havan.fr\/index.php\/produit\/kit-cuisine-stellantis\/","title":{"rendered":"Kit cuisine \u00e9quip\u00e9e &#8211; Camper Stellantis K0 Medium"},"content":{"rendered":"<p><strong>Havan<\/strong> vous propose un meuble de cuisine \u00e9quip\u00e9 et compact, adapt\u00e9 aux formes complexes de nos chers version <strong>medium Peugeot expert, Citro\u00ebn Jumpy, Opel Vivaro, Fiat Scudo ou encore Toyota Proace<\/strong> (apr\u00e8s 2016). Con\u00e7u et fabriqu\u00e9 pour durer, il est optimis\u00e9 afin d&rsquo;utiliser le moindre volume disponible.<\/p>\n<p>Il fait \u00e9galement partis de nos am\u00e9nagements en kit homologu\u00e9, et peut donc s&rsquo;inscrire dans un dossier de certification vers une <strong>transformation VASP<\/strong> !<\/p>\n<p>Totalement personnalisable, vous pourrez choisir parmi une gamme de couleurs et mat\u00e9riaux votre ensemble cuisine, mais \u00e9galement ajouter des options qui feront de votre am\u00e9nagement un espace de vie unique.<\/p>\n<p><span style=\"text-decoration: underline;\">D\u00e9tails et \u00e9quipements de s\u00e9rie :<\/span><\/p>\n<ul>\n<li>Structure bois en contreplaqu\u00e9 de peuplier<\/li>\n<li>Caisson gaz \u00e9tanche et facile d&rsquo;acc\u00e8s compatible avec bouteilles R904 et R907 de chez Camping Gaz<\/li>\n<li>Plaque de cuisson 2 feux avec plateau en verre de chez Dometic, avec allumage automatique via Piezzo<\/li>\n<li>Evier rond en inox design et profond pour ranger votre Popote ou vous brosser les dents<\/li>\n<li>Mitigeur permettant de r\u00e9gler la pression<\/li>\n<li>Douchette avec tuyau extensible de 3 m\u00e8tres permettant de se doucher en ext\u00e9rieur<\/li>\n<li>3 Trappes de rangement coulissantes, afin de pouvoir ouvrir vos compartiments sans g\u00e8ne (pas de projection dans les couloirs)<\/li>\n<li>R\u00e9servoir d&rsquo;eau propre de 25 litres avec remplissage via bouchon int\u00e9rieur (pas de trou \u00e0 percer dans la carrosserie)<\/li>\n<li>R\u00e9servoir d&rsquo;eau grise de 13 litres, extractible pour faciliter la vidange<\/li>\n<li>Circuit d&rsquo;eau comprenant : une pompe automatique et silencieuse, un filtre \u00e0 particules, un vase d&rsquo;expansion<\/li>\n<\/ul>\n<p><span style=\"text-decoration: underline;\">En options :<\/span><\/p>\n<ul>\n<li>Tiroir coulissant sous plaque de cuisson pour entreposer des couverts, s&rsquo;en servir de planche \u00e0 d\u00e9couper<\/li>\n<li>Tablette double fond extractible, pouvant \u00eatre utiliser comme petite table de piquenique avec porte gobelets int\u00e9gr\u00e9s<\/li>\n<li>Raccord rapide pour le remplissage du r\u00e9servoir mouiller l&rsquo;habitacle<\/li>\n<li>Prise de raccordement de douche solaire pour mitiger avec de l&rsquo;eau chaude votre douchette<\/li>\n<li>Indicateur \u00e9lectronique de niveau d&rsquo;eau propre<\/li>\n<li>Indicateur \u00e9lectronique de niveau de Gaz<\/li>\n<\/ul>\n<p><span style=\"text-decoration: underline;\">Personnalisation :<\/span><\/p>\n<ol>\n<li>Plan de travail :\n<ul>\n<li>Brut de pin 38 mm<\/li>\n<li>Contreplaqu\u00e9 peuplier sombre 30 mm<\/li>\n<li>Contre plaqu\u00e9 peuplier clair 30 mm<\/li>\n<li>Possibilit\u00e9 d&rsquo;autres personnalisation sur demande<\/li>\n<\/ul>\n<\/li>\n<li>Facades :\n<ul>\n<li>Contreplaqu\u00e9 brut vernis<\/li>\n<li>Contreplaqu\u00e9 avec plaquage sur demande (voir catalogue de nos placages disponibles)<\/li>\n<\/ul>\n<\/li>\n<\/ol>\n","protected":false},"excerpt":{"rendered":"[3d_viewer id=6019]\n","protected":false},"featured_media":6503,"comment_status":"open","ping_status":"closed","template":"","meta":[],"product_brand":[87],"product_cat":[70,53],"product_tag":[],"class_list":{"0":"post-3881","1":"product","2":"type-product","3":"status-publish","4":"has-post-thumbnail","6":"product_brand-havan","7":"product_cat-boutique-pour-le-vehicule","8":"product_cat-mobilier-en-kit","9":"sales-flash-overlay","10":"woocommerce-text-align-center","11":"woocommerce-image-align-center","13":"first","14":"instock","15":"taxable","16":"shipping-taxable","17":"purchasable","18":"product-type-variable"},"yoast_head":"<!-- This site is optimized with the Yoast SEO plugin v27.4 - https:\/\/yoast.com\/product\/yoast-seo-wordpress\/ -->\n<title>Kit cuisine \u00e9quip\u00e9e - Camper Stellantis K0 Medium - Havan<\/title>\n<meta name=\"description\" content=\"Havan vous propose un meuble de cuisine \u00e9quip\u00e9 et compact, adapt\u00e9 aux formes complexes des Expert, Jumpy, Vivaro, Scudo ou encore Proace\" \/>\n<meta name=\"robots\" content=\"index, follow, max-snippet:-1, max-image-preview:large, max-video-preview:-1\" \/>\n<link rel=\"canonical\" href=\"https:\/\/havan.fr\/index.php\/produit\/kit-cuisine-stellantis\/\" \/>\n<meta property=\"og:locale\" content=\"fr_FR\" \/>\n<meta property=\"og:type\" content=\"article\" \/>\n<meta property=\"og:title\" content=\"Kit cuisine \u00e9quip\u00e9e - Camper Stellantis K0 Medium - Havan\" \/>\n<meta property=\"og:description\" content=\"Havan vous propose un meuble de cuisine \u00e9quip\u00e9 et compact, adapt\u00e9 aux formes complexes des Expert, Jumpy, Vivaro, Scudo ou encore Proace\" \/>\n<meta property=\"og:url\" content=\"https:\/\/havan.fr\/index.php\/produit\/kit-cuisine-stellantis\/\" \/>\n<meta property=\"og:site_name\" content=\"Havan\" \/>\n<meta property=\"article:modified_time\" content=\"2025-03-24T08:31:32+00:00\" \/>\n<meta property=\"og:image\" content=\"https:\/\/havan.fr\/wp-content\/uploads\/2019\/01\/Cuisine-BREEZE-K0-Medium.jpg\" \/>\n\t<meta property=\"og:image:width\" content=\"674\" \/>\n\t<meta property=\"og:image:height\" content=\"595\" \/>\n\t<meta property=\"og:image:type\" content=\"image\/jpeg\" \/>\n<meta name=\"twitter:card\" content=\"summary_large_image\" \/>\n<meta name=\"twitter:label1\" content=\"Dur\u00e9e de lecture estim\u00e9e\" \/>\n\t<meta name=\"twitter:data1\" content=\"3 minutes\" \/>\n<script type=\"application\/ld+json\" class=\"yoast-schema-graph\">{\"@context\":\"https:\\\/\\\/schema.org\",\"@graph\":[{\"@type\":\"WebPage\",\"@id\":\"https:\\\/\\\/havan.fr\\\/index.php\\\/produit\\\/kit-cuisine-stellantis\\\/\",\"url\":\"https:\\\/\\\/havan.fr\\\/index.php\\\/produit\\\/kit-cuisine-stellantis\\\/\",\"name\":\"Kit cuisine \u00e9quip\u00e9e - Camper Stellantis K0 Medium - Havan\",\"isPartOf\":{\"@id\":\"https:\\\/\\\/havan.fr\\\/#website\"},\"primaryImageOfPage\":{\"@id\":\"https:\\\/\\\/havan.fr\\\/index.php\\\/produit\\\/kit-cuisine-stellantis\\\/#primaryimage\"},\"image\":{\"@id\":\"https:\\\/\\\/havan.fr\\\/index.php\\\/produit\\\/kit-cuisine-stellantis\\\/#primaryimage\"},\"thumbnailUrl\":\"https:\\\/\\\/i0.wp.com\\\/havan.fr\\\/wp-content\\\/uploads\\\/2019\\\/01\\\/Cuisine-BREEZE-K0-Medium.jpg?fit=674%2C595&ssl=1\",\"datePublished\":\"2019-01-16T13:01:55+00:00\",\"dateModified\":\"2025-03-24T08:31:32+00:00\",\"description\":\"Havan vous propose un meuble de cuisine \u00e9quip\u00e9 et compact, adapt\u00e9 aux formes complexes des Expert, Jumpy, Vivaro, Scudo ou encore Proace\",\"breadcrumb\":{\"@id\":\"https:\\\/\\\/havan.fr\\\/index.php\\\/produit\\\/kit-cuisine-stellantis\\\/#breadcrumb\"},\"inLanguage\":\"fr-FR\",\"potentialAction\":[{\"@type\":\"ReadAction\",\"target\":[\"https:\\\/\\\/havan.fr\\\/index.php\\\/produit\\\/kit-cuisine-stellantis\\\/\"]}]},{\"@type\":\"ImageObject\",\"inLanguage\":\"fr-FR\",\"@id\":\"https:\\\/\\\/havan.fr\\\/index.php\\\/produit\\\/kit-cuisine-stellantis\\\/#primaryimage\",\"url\":\"https:\\\/\\\/i0.wp.com\\\/havan.fr\\\/wp-content\\\/uploads\\\/2019\\\/01\\\/Cuisine-BREEZE-K0-Medium.jpg?fit=674%2C595&ssl=1\",\"contentUrl\":\"https:\\\/\\\/i0.wp.com\\\/havan.fr\\\/wp-content\\\/uploads\\\/2019\\\/01\\\/Cuisine-BREEZE-K0-Medium.jpg?fit=674%2C595&ssl=1\",\"width\":674,\"height\":595},{\"@type\":\"BreadcrumbList\",\"@id\":\"https:\\\/\\\/havan.fr\\\/index.php\\\/produit\\\/kit-cuisine-stellantis\\\/#breadcrumb\",\"itemListElement\":[{\"@type\":\"ListItem\",\"position\":1,\"name\":\"Accueil\",\"item\":\"https:\\\/\\\/havan.fr\\\/\"},{\"@type\":\"ListItem\",\"position\":2,\"name\":\"Boutique\",\"item\":\"https:\\\/\\\/havan.fr\\\/index.php\\\/boutique\\\/\"},{\"@type\":\"ListItem\",\"position\":3,\"name\":\"Kit cuisine \u00e9quip\u00e9e &#8211; Camper Stellantis K0 Medium\"}]},{\"@type\":\"WebSite\",\"@id\":\"https:\\\/\\\/havan.fr\\\/#website\",\"url\":\"https:\\\/\\\/havan.fr\\\/\",\"name\":\"Havan\",\"description\":\"V\u00e9hicules d&#039;aventures\",\"publisher\":{\"@id\":\"https:\\\/\\\/havan.fr\\\/#organization\"},\"potentialAction\":[{\"@type\":\"SearchAction\",\"target\":{\"@type\":\"EntryPoint\",\"urlTemplate\":\"https:\\\/\\\/havan.fr\\\/?s={search_term_string}\"},\"query-input\":{\"@type\":\"PropertyValueSpecification\",\"valueRequired\":true,\"valueName\":\"search_term_string\"}}],\"inLanguage\":\"fr-FR\"},{\"@type\":\"Organization\",\"@id\":\"https:\\\/\\\/havan.fr\\\/#organization\",\"name\":\"Havan\",\"url\":\"https:\\\/\\\/havan.fr\\\/\",\"logo\":{\"@type\":\"ImageObject\",\"inLanguage\":\"fr-FR\",\"@id\":\"https:\\\/\\\/havan.fr\\\/#\\\/schema\\\/logo\\\/image\\\/\",\"url\":\"https:\\\/\\\/i0.wp.com\\\/havan.fr\\\/wp-content\\\/uploads\\\/2024\\\/12\\\/cropped-Logo-havan-vect.png?fit=1861%2C558&ssl=1\",\"contentUrl\":\"https:\\\/\\\/i0.wp.com\\\/havan.fr\\\/wp-content\\\/uploads\\\/2024\\\/12\\\/cropped-Logo-havan-vect.png?fit=1861%2C558&ssl=1\",\"width\":1861,\"height\":558,\"caption\":\"Havan\"},\"image\":{\"@id\":\"https:\\\/\\\/havan.fr\\\/#\\\/schema\\\/logo\\\/image\\\/\"}}]}<\/script>\n<!-- \/ Yoast SEO plugin. -->","yoast_head_json":{"title":"Kit cuisine \u00e9quip\u00e9e - Camper Stellantis K0 Medium - Havan","description":"Havan vous propose un meuble de cuisine \u00e9quip\u00e9 et compact, adapt\u00e9 aux formes complexes des Expert, Jumpy, Vivaro, Scudo ou encore Proace","robots":{"index":"index","follow":"follow","max-snippet":"max-snippet:-1","max-image-preview":"max-image-preview:large","max-video-preview":"max-video-preview:-1"},"canonical":"https:\/\/havan.fr\/index.php\/produit\/kit-cuisine-stellantis\/","og_locale":"fr_FR","og_type":"article","og_title":"Kit cuisine \u00e9quip\u00e9e - Camper Stellantis K0 Medium - Havan","og_description":"Havan vous propose un meuble de cuisine \u00e9quip\u00e9 et compact, adapt\u00e9 aux formes complexes des Expert, Jumpy, Vivaro, Scudo ou encore Proace","og_url":"https:\/\/havan.fr\/index.php\/produit\/kit-cuisine-stellantis\/","og_site_name":"Havan","article_modified_time":"2025-03-24T08:31:32+00:00","og_image":[{"width":674,"height":595,"url":"https:\/\/havan.fr\/wp-content\/uploads\/2019\/01\/Cuisine-BREEZE-K0-Medium.jpg","type":"image\/jpeg"}],"twitter_card":"summary_large_image","twitter_misc":{"Dur\u00e9e de lecture estim\u00e9e":"3 minutes"},"schema":{"@context":"https:\/\/schema.org","@graph":[{"@type":"WebPage","@id":"https:\/\/havan.fr\/index.php\/produit\/kit-cuisine-stellantis\/","url":"https:\/\/havan.fr\/index.php\/produit\/kit-cuisine-stellantis\/","name":"Kit cuisine \u00e9quip\u00e9e - Camper Stellantis K0 Medium - Havan","isPartOf":{"@id":"https:\/\/havan.fr\/#website"},"primaryImageOfPage":{"@id":"https:\/\/havan.fr\/index.php\/produit\/kit-cuisine-stellantis\/#primaryimage"},"image":{"@id":"https:\/\/havan.fr\/index.php\/produit\/kit-cuisine-stellantis\/#primaryimage"},"thumbnailUrl":"https:\/\/i0.wp.com\/havan.fr\/wp-content\/uploads\/2019\/01\/Cuisine-BREEZE-K0-Medium.jpg?fit=674%2C595&ssl=1","datePublished":"2019-01-16T13:01:55+00:00","dateModified":"2025-03-24T08:31:32+00:00","description":"Havan vous propose un meuble de cuisine \u00e9quip\u00e9 et compact, adapt\u00e9 aux formes complexes des Expert, Jumpy, Vivaro, Scudo ou encore Proace","breadcrumb":{"@id":"https:\/\/havan.fr\/index.php\/produit\/kit-cuisine-stellantis\/#breadcrumb"},"inLanguage":"fr-FR","potentialAction":[{"@type":"ReadAction","target":["https:\/\/havan.fr\/index.php\/produit\/kit-cuisine-stellantis\/"]}]},{"@type":"ImageObject","inLanguage":"fr-FR","@id":"https:\/\/havan.fr\/index.php\/produit\/kit-cuisine-stellantis\/#primaryimage","url":"https:\/\/i0.wp.com\/havan.fr\/wp-content\/uploads\/2019\/01\/Cuisine-BREEZE-K0-Medium.jpg?fit=674%2C595&ssl=1","contentUrl":"https:\/\/i0.wp.com\/havan.fr\/wp-content\/uploads\/2019\/01\/Cuisine-BREEZE-K0-Medium.jpg?fit=674%2C595&ssl=1","width":674,"height":595},{"@type":"BreadcrumbList","@id":"https:\/\/havan.fr\/index.php\/produit\/kit-cuisine-stellantis\/#breadcrumb","itemListElement":[{"@type":"ListItem","position":1,"name":"Accueil","item":"https:\/\/havan.fr\/"},{"@type":"ListItem","position":2,"name":"Boutique","item":"https:\/\/havan.fr\/index.php\/boutique\/"},{"@type":"ListItem","position":3,"name":"Kit cuisine \u00e9quip\u00e9e &#8211; Camper Stellantis K0 Medium"}]},{"@type":"WebSite","@id":"https:\/\/havan.fr\/#website","url":"https:\/\/havan.fr\/","name":"Havan","description":"V\u00e9hicules d&#039;aventures","publisher":{"@id":"https:\/\/havan.fr\/#organization"},"potentialAction":[{"@type":"SearchAction","target":{"@type":"EntryPoint","urlTemplate":"https:\/\/havan.fr\/?s={search_term_string}"},"query-input":{"@type":"PropertyValueSpecification","valueRequired":true,"valueName":"search_term_string"}}],"inLanguage":"fr-FR"},{"@type":"Organization","@id":"https:\/\/havan.fr\/#organization","name":"Havan","url":"https:\/\/havan.fr\/","logo":{"@type":"ImageObject","inLanguage":"fr-FR","@id":"https:\/\/havan.fr\/#\/schema\/logo\/image\/","url":"https:\/\/i0.wp.com\/havan.fr\/wp-content\/uploads\/2024\/12\/cropped-Logo-havan-vect.png?fit=1861%2C558&ssl=1","contentUrl":"https:\/\/i0.wp.com\/havan.fr\/wp-content\/uploads\/2024\/12\/cropped-Logo-havan-vect.png?fit=1861%2C558&ssl=1","width":1861,"height":558,"caption":"Havan"},"image":{"@id":"https:\/\/havan.fr\/#\/schema\/logo\/image\/"}}]}},"jetpack_sharing_enabled":true,"_links":{"self":[{"href":"https:\/\/havan.fr\/index.php\/wp-json\/wp\/v2\/product\/3881","targetHints":{"allow":["GET"]}}],"collection":[{"href":"https:\/\/havan.fr\/index.php\/wp-json\/wp\/v2\/product"}],"about":[{"href":"https:\/\/havan.fr\/index.php\/wp-json\/wp\/v2\/types\/product"}],"replies":[{"embeddable":true,"href":"https:\/\/havan.fr\/index.php\/wp-json\/wp\/v2\/comments?post=3881"}],"wp:featuredmedia":[{"embeddable":true,"href":"https:\/\/havan.fr\/index.php\/wp-json\/wp\/v2\/media\/6503"}],"wp:attachment":[{"href":"https:\/\/havan.fr\/index.php\/wp-json\/wp\/v2\/media?parent=3881"}],"wp:term":[{"taxonomy":"product_brand","embeddable":true,"href":"https:\/\/havan.fr\/index.php\/wp-json\/wp\/v2\/product_brand?post=3881"},{"taxonomy":"product_cat","embeddable":true,"href":"https:\/\/havan.fr\/index.php\/wp-json\/wp\/v2\/product_cat?post=3881"},{"taxonomy":"product_tag","embeddable":true,"href":"https:\/\/havan.fr\/index.php\/wp-json\/wp\/v2\/product_tag?post=3881"}],"curies":[{"name":"wp","href":"https:\/\/api.w.org\/{rel}","templated":true}]}}