{"id":7024,"date":"2026-04-14T10:55:59","date_gmt":"2026-04-14T08:55:59","guid":{"rendered":"https:\/\/havan.fr\/?page_id=7024"},"modified":"2026-04-14T11:06:36","modified_gmt":"2026-04-14T09:06:36","slug":"mentions-legales","status":"publish","type":"page","link":"https:\/\/havan.fr\/index.php\/mentions-legales\/","title":{"rendered":"Mentions L\u00e9gales"},"content":{"rendered":"\t\t<div data-elementor-type=\"wp-page\" data-elementor-id=\"7024\" class=\"elementor elementor-7024\">\n\t\t\t\t<div class=\"elementor-element elementor-element-65123ee e-flex e-con-boxed e-con e-parent\" data-id=\"65123ee\" data-element_type=\"container\" data-e-type=\"container\" data-settings=\"{&quot;section_wpkoi_tricks_particles&quot;:&quot;false&quot;}\">\n\t\t\t\t\t<div class=\"e-con-inner\">\n\t\t\t\t<div class=\"elementor-element elementor-element-403e638 elementor-widget elementor-widget-heading\" data-id=\"403e638\" data-element_type=\"widget\" data-e-type=\"widget\" data-widget_type=\"heading.default\">\n\t\t\t\t<div class=\"elementor-widget-container\">\n\t\t\t\t\t<h1 class=\"elementor-heading-title elementor-size-default\">Mentions l\u00e9gales<\/h1>\t\t\t\t<\/div>\n\t\t\t\t<\/div>\n\t\t\t\t<div class=\"elementor-element elementor-element-d5ddc35 elementor-widget elementor-widget-spacer\" data-id=\"d5ddc35\" data-element_type=\"widget\" data-e-type=\"widget\" data-widget_type=\"spacer.default\">\n\t\t\t\t<div class=\"elementor-widget-container\">\n\t\t\t\t\t\t\t<div class=\"elementor-spacer\">\n\t\t\t<div class=\"elementor-spacer-inner\"><\/div>\n\t\t<\/div>\n\t\t\t\t\t\t<\/div>\n\t\t\t\t<\/div>\n\t\t\t\t\t<\/div>\n\t\t\t\t<\/div>\n\t\t<div class=\"elementor-element elementor-element-207261f e-flex e-con-boxed e-con e-parent\" data-id=\"207261f\" data-element_type=\"container\" data-e-type=\"container\" data-settings=\"{&quot;section_wpkoi_tricks_particles&quot;:&quot;false&quot;}\">\n\t\t\t\t\t<div class=\"e-con-inner\">\n\t\t\t\t<div class=\"elementor-element elementor-element-614485b elementor-widget elementor-widget-text-editor\" data-id=\"614485b\" data-element_type=\"widget\" data-e-type=\"widget\" data-widget_type=\"text-editor.default\">\n\t\t\t\t<div class=\"elementor-widget-container\">\n\t\t\t\t\t\t\t\t\t<h2>1. Pr\u00e9sentation de notre site web<\/h2><p>En vertu de l\u2019article 6 de la loi n\u00b0 2004-575 du 21 juin 2004 pour la confiance dans l\u2019\u00e9conomie num\u00e9rique, il est pr\u00e9cis\u00e9 aux utilisateurs du site havan.fr l\u2019identit\u00e9 des diff\u00e9rents intervenants dans le cadre de sa r\u00e9alisation et de son suivi :<\/p><p>Propri\u00e9taire : Van Camping-car \u2013 92 Route de Marignier 74490 Siant-Jeoire.<\/p><p>Responsable publication : MARTIN GUERRIER<br \/>Le responsable publication est une personne physique ou une personne morale.<\/p><p><strong><span class=\"Apple-style-span\">WEBDESIGN\u00a0ET REALISATION\u00a0DU SITE INTERNET<\/span><\/strong>\u00a0:<br \/>Havan<\/p><p>H\u00e9bergeur : OVH<\/p><h2>2. Conditions g\u00e9n\u00e9rales d\u2019utilisation du site et des services propos\u00e9s.<\/h2><p>En utilisant notre site web havan.fr, vous acceptez pleinement et enti\u00e8rement les conditions g\u00e9n\u00e9rales d\u2019utilisation pr\u00e9cis\u00e9es dans nos mentions l\u00e9gales. Accessible \u00e0 tout type de visiteurs, il est important de pr\u00e9ciser toutefois qu\u2019une interruption pour maintenance du site web peut-\u00eatre d\u00e9cid\u00e9e par Havan. Les dates et heures d\u2019interruptions seront n\u00e9anmoins pr\u00e9cis\u00e9es \u00e0 l\u2019avance aux utilisateurs.<\/p><h2>3. Les produits ou services propos\u00e9s par havan.fr<\/h2><p>En accord avec sa politique de communication, le site havan.fr a pour vocation d\u2019informer les utilisateurs sur les services propos\u00e9s par Havan, qui s\u2019efforce alors de fournir des informations pr\u00e9cises sur son activit\u00e9. Cependant, des inexactitudes ou des omissions peuvent exister : la soci\u00e9t\u00e9 ne pourra en aucun cas \u00eatre tenue pour responsable pour toute erreur pr\u00e9sente sur le site havan.fr.<\/p><h2>4. Limitations contractuelles<\/h2><p>Les informations retranscrites sur notre site web havan.fr\u00a0font l\u2019objet de d\u00e9marches qualitatives, en vue de nous assurer de leur fiabilit\u00e9. Cependant, nous ne pourrons encourir de responsabilit\u00e9s en cas d\u2019inexactitudes techniques lors de nos explications.<\/p><p>Les liens reli\u00e9s directement ou indirectement \u00e0 notre site web havan.fr\u00a0ne sont pas sous le contr\u00f4le de notre soci\u00e9t\u00e9. Par cons\u00e9quent, nous ne pouvons nous assurer de l\u2019exactitude des informations pr\u00e9sentes sur ces autres sites Internet.<\/p><p>Utilisant la technologie JavaScript, le site havan.fr ne pourra \u00eatre tenu pour responsable en cas de dommages mat\u00e9riels li\u00e9s \u00e0 son utilisation. Par ailleurs, toute autre type de cons\u00e9quence li\u00e9e \u00e0 l\u2019exploitation du site havan.fr, qu\u2019elle soit direct ou indirect (bug, incompatibilit\u00e9, virus, perte de march\u00e9, etc.).<\/p><h2>5. Propri\u00e9t\u00e9 intellectuelle et contenu du site Internet<\/h2><p>Le contenu r\u00e9dactionnel du site web havan.fr appartient exclusivement \u00e0 Havan. Toute violation des droits d\u2019auteur est sanctionn\u00e9e par l\u2019article L.335-2 du Code de la Propri\u00e9t\u00e9 Intellectuelle, avec une peine encourue de 2 ans d\u2019emprisonnement et de 150 000\u20ac d\u2019amende<\/p><p>Le site havan.fr\u00a0ne pourra \u00eatre mis en cause en cas de propos injurieux, \u00e0 caract\u00e8re raciste, diffamant ou pornographique, \u00e9chang\u00e9s sur les espaces interactifs. La soci\u00e9t\u00e9 se r\u00e9serve \u00e9galement le droit de supprimer tout contenu contraire aux valeurs de l\u2019entreprise ou \u00e0 la l\u00e9gislation applicable en France.<\/p><p>En naviguant sur le site havan.fr, l\u2019utilisateur accepte \u00e9galement l\u2019installation de cookies \u00e9ventuelle sur son ordinateur.<\/p><h2>6. Donn\u00e9es personnelles, respect de votre vie priv\u00e9e et de vos libert\u00e9s<\/h2><p>Toute informations recueillie sur le site web havan.fr\u00a0se font dans le cadre des besoins li\u00e9s \u00e0 l\u2019utilisation de notre plateforme, tels que le formulaire de commande ou la demande d\u2019inscription \u00e0 la Newsletter. Par ailleurs, le d\u00e9sabonnement de la Newsletter se fait gr\u00e2ce au lien situ\u00e9 en pied de page.<\/p><p>Havan s\u2019engage \u00e0 ne c\u00e9der en aucun cas les informations concernant les utilisateurs du site Internet, de quelque fa\u00e7on qu\u2019il soit (vente, \u00e9change, pr\u00eat, location, don).<\/p><p>Conform\u00e9ment \u00e0 la loi \u00ab informatique et libert\u00e9s \u00bb du 6 janvier 1978 modifi\u00e9e en 2004, l\u2019utilisateur b\u00e9n\u00e9ficie d\u2019un droit d\u2019acc\u00e8s et de rectification aux informations le concernant, droit qu\u2019il peut exercer \u00e0 tout moment sa demande par courrier, \u00e0 l\u2019adresse suivante : Van Camping-car, 92 Route de Marignier 74490 Saint-Jeoire.<\/p><h2>7. Droit applicable et lois concern\u00e9es<\/h2><p>Soumis au droit fran\u00e7ais, le site web havan.fr\u00a0est encadr\u00e9 par la loi n\u00b0 2004-2005 du 21 juin 2004 pour la confiance dans l\u2019\u00e9conomie num\u00e9rique, l\u2019article L.335-2 du Code de la Propri\u00e9t\u00e9 Intellectuelle et la loi \u00ab informatique et libert\u00e9s \u00bb du 6 janvier 1978 modifi\u00e9e en 2004.<\/p><p>Consultez notre\u00a0<a href=\"\/politique-de-confidentialite\/\">Politique de Confidentialite<\/a><\/p><p>Consultez notre\u00a0<a href=\"\/politique-de-cookies\/\">Politique de Cookies<\/a><\/p>\t\t\t\t\t\t\t\t<\/div>\n\t\t\t\t<\/div>\n\t\t\t\t\t<\/div>\n\t\t\t\t<\/div>\n\t\t\t\t<\/div>\n\t\t","protected":false},"excerpt":{"rendered":"<p>Mentions l\u00e9gales 1. Pr\u00e9sentation de notre site web En vertu de l\u2019article 6 de la loi n\u00b0 2004-575 du 21 juin 2004 pour la confiance dans l\u2019\u00e9conomie num\u00e9rique, il est pr\u00e9cis\u00e9 aux utilisateurs du site havan.fr l\u2019identit\u00e9 des diff\u00e9rents intervenants dans le cadre de sa r\u00e9alisation et de son suivi : Propri\u00e9taire : Van Camping-car &#8230; <\/p>\n<p class=\"read-more-container\"><a title=\"Mentions L\u00e9gales\" class=\"read-more button\" href=\"https:\/\/havan.fr\/index.php\/mentions-legales\/#more-7024\">Read more<span class=\"screen-reader-text\">Mentions L\u00e9gales<\/span><\/a><\/p>\n","protected":false},"author":12,"featured_media":0,"parent":0,"menu_order":0,"comment_status":"closed","ping_status":"closed","template":"","meta":{"footnotes":""},"class_list":["post-7024","page","type-page","status-publish"],"yoast_head":"<!-- This site is optimized with the Yoast SEO plugin v27.4 - https:\/\/yoast.com\/product\/yoast-seo-wordpress\/ -->\n<title>Mentions L\u00e9gales - Havan<\/title>\n<meta name=\"robots\" content=\"index, follow, max-snippet:-1, max-image-preview:large, max-video-preview:-1\" \/>\n<link rel=\"canonical\" href=\"https:\/\/havan.fr\/index.php\/mentions-legales\/\" \/>\n<meta property=\"og:locale\" content=\"fr_FR\" \/>\n<meta property=\"og:type\" content=\"article\" \/>\n<meta property=\"og:title\" content=\"Mentions L\u00e9gales - Havan\" \/>\n<meta property=\"og:description\" content=\"Mentions l\u00e9gales 1. Pr\u00e9sentation de notre site web En vertu de l\u2019article 6 de la loi n\u00b0 2004-575 du 21 juin 2004 pour la confiance dans l\u2019\u00e9conomie num\u00e9rique, il est pr\u00e9cis\u00e9 aux utilisateurs du site havan.fr l\u2019identit\u00e9 des diff\u00e9rents intervenants dans le cadre de sa r\u00e9alisation et de son suivi : Propri\u00e9taire : Van Camping-car ... Read moreMentions L\u00e9gales\" \/>\n<meta property=\"og:url\" content=\"https:\/\/havan.fr\/index.php\/mentions-legales\/\" \/>\n<meta property=\"og:site_name\" content=\"Havan\" \/>\n<meta property=\"article:modified_time\" content=\"2026-04-14T09:06:36+00:00\" \/>\n<meta property=\"og:image\" content=\"https:\/\/i0.wp.com\/havan.fr\/wp-content\/uploads\/2025\/01\/Havan-logo-facture.jpg?fit=1268%2C433&ssl=1\" \/>\n\t<meta property=\"og:image:width\" content=\"1268\" \/>\n\t<meta property=\"og:image:height\" content=\"433\" \/>\n\t<meta property=\"og:image:type\" content=\"image\/jpeg\" \/>\n<meta name=\"twitter:card\" content=\"summary_large_image\" \/>\n<meta name=\"twitter:label1\" content=\"Dur\u00e9e de lecture estim\u00e9e\" \/>\n\t<meta name=\"twitter:data1\" content=\"4 minutes\" \/>\n<script type=\"application\/ld+json\" class=\"yoast-schema-graph\">{\"@context\":\"https:\\\/\\\/schema.org\",\"@graph\":[{\"@type\":\"WebPage\",\"@id\":\"https:\\\/\\\/havan.fr\\\/index.php\\\/mentions-legales\\\/\",\"url\":\"https:\\\/\\\/havan.fr\\\/index.php\\\/mentions-legales\\\/\",\"name\":\"Mentions L\u00e9gales - Havan\",\"isPartOf\":{\"@id\":\"https:\\\/\\\/havan.fr\\\/#website\"},\"datePublished\":\"2026-04-14T08:55:59+00:00\",\"dateModified\":\"2026-04-14T09:06:36+00:00\",\"breadcrumb\":{\"@id\":\"https:\\\/\\\/havan.fr\\\/index.php\\\/mentions-legales\\\/#breadcrumb\"},\"inLanguage\":\"fr-FR\",\"potentialAction\":[{\"@type\":\"ReadAction\",\"target\":[\"https:\\\/\\\/havan.fr\\\/index.php\\\/mentions-legales\\\/\"]}]},{\"@type\":\"BreadcrumbList\",\"@id\":\"https:\\\/\\\/havan.fr\\\/index.php\\\/mentions-legales\\\/#breadcrumb\",\"itemListElement\":[{\"@type\":\"ListItem\",\"position\":1,\"name\":\"Accueil\",\"item\":\"https:\\\/\\\/havan.fr\\\/\"},{\"@type\":\"ListItem\",\"position\":2,\"name\":\"Mentions L\u00e9gales\"}]},{\"@type\":\"WebSite\",\"@id\":\"https:\\\/\\\/havan.fr\\\/#website\",\"url\":\"https:\\\/\\\/havan.fr\\\/\",\"name\":\"Havan\",\"description\":\"V\u00e9hicules d&#039;aventures\",\"publisher\":{\"@id\":\"https:\\\/\\\/havan.fr\\\/#organization\"},\"potentialAction\":[{\"@type\":\"SearchAction\",\"target\":{\"@type\":\"EntryPoint\",\"urlTemplate\":\"https:\\\/\\\/havan.fr\\\/?s={search_term_string}\"},\"query-input\":{\"@type\":\"PropertyValueSpecification\",\"valueRequired\":true,\"valueName\":\"search_term_string\"}}],\"inLanguage\":\"fr-FR\"},{\"@type\":\"Organization\",\"@id\":\"https:\\\/\\\/havan.fr\\\/#organization\",\"name\":\"Havan\",\"url\":\"https:\\\/\\\/havan.fr\\\/\",\"logo\":{\"@type\":\"ImageObject\",\"inLanguage\":\"fr-FR\",\"@id\":\"https:\\\/\\\/havan.fr\\\/#\\\/schema\\\/logo\\\/image\\\/\",\"url\":\"https:\\\/\\\/i0.wp.com\\\/havan.fr\\\/wp-content\\\/uploads\\\/2024\\\/12\\\/cropped-Logo-havan-vect.png?fit=1861%2C558&ssl=1\",\"contentUrl\":\"https:\\\/\\\/i0.wp.com\\\/havan.fr\\\/wp-content\\\/uploads\\\/2024\\\/12\\\/cropped-Logo-havan-vect.png?fit=1861%2C558&ssl=1\",\"width\":1861,\"height\":558,\"caption\":\"Havan\"},\"image\":{\"@id\":\"https:\\\/\\\/havan.fr\\\/#\\\/schema\\\/logo\\\/image\\\/\"}}]}<\/script>\n<!-- \/ Yoast SEO plugin. -->","yoast_head_json":{"title":"Mentions L\u00e9gales - Havan","robots":{"index":"index","follow":"follow","max-snippet":"max-snippet:-1","max-image-preview":"max-image-preview:large","max-video-preview":"max-video-preview:-1"},"canonical":"https:\/\/havan.fr\/index.php\/mentions-legales\/","og_locale":"fr_FR","og_type":"article","og_title":"Mentions L\u00e9gales - Havan","og_description":"Mentions l\u00e9gales 1. Pr\u00e9sentation de notre site web En vertu de l\u2019article 6 de la loi n\u00b0 2004-575 du 21 juin 2004 pour la confiance dans l\u2019\u00e9conomie num\u00e9rique, il est pr\u00e9cis\u00e9 aux utilisateurs du site havan.fr l\u2019identit\u00e9 des diff\u00e9rents intervenants dans le cadre de sa r\u00e9alisation et de son suivi : Propri\u00e9taire : Van Camping-car ... Read moreMentions L\u00e9gales","og_url":"https:\/\/havan.fr\/index.php\/mentions-legales\/","og_site_name":"Havan","article_modified_time":"2026-04-14T09:06:36+00:00","og_image":[{"width":1268,"height":433,"url":"https:\/\/i0.wp.com\/havan.fr\/wp-content\/uploads\/2025\/01\/Havan-logo-facture.jpg?fit=1268%2C433&ssl=1","type":"image\/jpeg"}],"twitter_card":"summary_large_image","twitter_misc":{"Dur\u00e9e de lecture estim\u00e9e":"4 minutes"},"schema":{"@context":"https:\/\/schema.org","@graph":[{"@type":"WebPage","@id":"https:\/\/havan.fr\/index.php\/mentions-legales\/","url":"https:\/\/havan.fr\/index.php\/mentions-legales\/","name":"Mentions L\u00e9gales - Havan","isPartOf":{"@id":"https:\/\/havan.fr\/#website"},"datePublished":"2026-04-14T08:55:59+00:00","dateModified":"2026-04-14T09:06:36+00:00","breadcrumb":{"@id":"https:\/\/havan.fr\/index.php\/mentions-legales\/#breadcrumb"},"inLanguage":"fr-FR","potentialAction":[{"@type":"ReadAction","target":["https:\/\/havan.fr\/index.php\/mentions-legales\/"]}]},{"@type":"BreadcrumbList","@id":"https:\/\/havan.fr\/index.php\/mentions-legales\/#breadcrumb","itemListElement":[{"@type":"ListItem","position":1,"name":"Accueil","item":"https:\/\/havan.fr\/"},{"@type":"ListItem","position":2,"name":"Mentions L\u00e9gales"}]},{"@type":"WebSite","@id":"https:\/\/havan.fr\/#website","url":"https:\/\/havan.fr\/","name":"Havan","description":"V\u00e9hicules d&#039;aventures","publisher":{"@id":"https:\/\/havan.fr\/#organization"},"potentialAction":[{"@type":"SearchAction","target":{"@type":"EntryPoint","urlTemplate":"https:\/\/havan.fr\/?s={search_term_string}"},"query-input":{"@type":"PropertyValueSpecification","valueRequired":true,"valueName":"search_term_string"}}],"inLanguage":"fr-FR"},{"@type":"Organization","@id":"https:\/\/havan.fr\/#organization","name":"Havan","url":"https:\/\/havan.fr\/","logo":{"@type":"ImageObject","inLanguage":"fr-FR","@id":"https:\/\/havan.fr\/#\/schema\/logo\/image\/","url":"https:\/\/i0.wp.com\/havan.fr\/wp-content\/uploads\/2024\/12\/cropped-Logo-havan-vect.png?fit=1861%2C558&ssl=1","contentUrl":"https:\/\/i0.wp.com\/havan.fr\/wp-content\/uploads\/2024\/12\/cropped-Logo-havan-vect.png?fit=1861%2C558&ssl=1","width":1861,"height":558,"caption":"Havan"},"image":{"@id":"https:\/\/havan.fr\/#\/schema\/logo\/image\/"}}]}},"jetpack_sharing_enabled":true,"_links":{"self":[{"href":"https:\/\/havan.fr\/index.php\/wp-json\/wp\/v2\/page\/7024","targetHints":{"allow":["GET"]}}],"collection":[{"href":"https:\/\/havan.fr\/index.php\/wp-json\/wp\/v2\/page"}],"about":[{"href":"https:\/\/havan.fr\/index.php\/wp-json\/wp\/v2\/types\/page"}],"author":[{"embeddable":true,"href":"https:\/\/havan.fr\/index.php\/wp-json\/wp\/v2\/users\/12"}],"replies":[{"embeddable":true,"href":"https:\/\/havan.fr\/index.php\/wp-json\/wp\/v2\/comments?post=7024"}],"version-history":[{"count":19,"href":"https:\/\/havan.fr\/index.php\/wp-json\/wp\/v2\/page\/7024\/revisions"}],"predecessor-version":[{"id":7045,"href":"https:\/\/havan.fr\/index.php\/wp-json\/wp\/v2\/page\/7024\/revisions\/7045"}],"wp:attachment":[{"href":"https:\/\/havan.fr\/index.php\/wp-json\/wp\/v2\/media?parent=7024"}],"curies":[{"name":"wp","href":"https:\/\/api.w.org\/{rel}","templated":true}]}}